{"id":452,"date":"2020-05-06T08:50:11","date_gmt":"2020-05-06T08:50:11","guid":{"rendered":"https:\/\/reisatextil.com\/?post_type=product&#038;p=452"},"modified":"2021-01-02T06:57:30","modified_gmt":"2021-01-02T06:57:30","slug":"colcha-multiusos-espiga-beige-camel","status":"publish","type":"product","link":"https:\/\/reisatextil.com\/en\/product\/colcha-multiusos-espiga-beige-camel\/","title":{"rendered":"Colcha Multiusos Espiga Beige Camel"},"content":{"rendered":"<p>Esta fant\u00e1stica <strong>Colcha Multiusos Espiga Beige Camel <a href=\"https:\/\/reisatextil.com\/en\/colchas-multiusos\/\">REISA<\/a><\/strong> es perfecta para<span>\u00a0<\/span><strong>decorar<\/strong><span>\u00a0<\/span>el sal\u00f3n o la habitaci\u00f3n de<span>\u00a0<\/span><strong>tu casa<\/strong>, sirve tanto para el<span>\u00a0<\/span><strong>sof\u00e1<\/strong><span>\u00a0<\/span>como para la<span>\u00a0<\/span><strong>cama<\/strong><span>\u00a0<\/span>o<span>\u00a0<\/span><strong>sillones<\/strong>. Dale un toque de personalidad a tu hogar con esta colcha multiusos REISA; composici\u00f3n: 85% <strong>algod\u00f3n reciclado<\/strong>, 10% poli\u00e9ster Y 5% otras fibras. Este modelo de Colcha Multiusos Espiga Beige Camel est\u00e1<span>\u00a0<\/span><strong>disponible en una amplia gama de colores<\/strong><span>\u00a0<\/span>para que escojas el que mejor combine con la decoraci\u00f3n de tu habitaci\u00f3n o sal\u00f3n.<\/p>\n<p><span>Este plaid multiusos, e<\/span><span>s una prenda muy vers\u00e1til, la puedes usar de funda de sof\u00e1, como una manta o para cubrir la cama.<\/span><span>Termina con unos bonitos flecos<\/span><span>.<\/span><\/p>\n<p><span><strong>REISA TEXTIL<\/strong> apuesta por la\u00a0<\/span><strong>calidad y el dise\u00f1o innovador combinando la tecnolog\u00eda y materiales de alta calidad.<span>\u00a0<\/span><\/strong><span>Fabricamos productos pensados para ti, disponemos de una amplia gama de colores, dise\u00f1os y tama\u00f1os<\/span><span>.<\/span><\/p>\n<p><span>Esta manta es perfecta para usar en la cama, sof\u00e1, sill\u00f3n o incluso poder llev\u00e1rtela al parque en un d\u00eda de picnic y que tus hijos se siente sobre el cesped encima de ella.<\/span><\/p>\n<p><strong>Dise\u00f1os actuales, colores de moda, plaids multiusos, foulards. En REISA creamos moda.<\/strong><\/p>\n<p>Todos nuestros productos incorporan la simbolog\u00eda para el <strong>Cuidado inteligente de la ropa, ahorrando tiempo y dinero, proporcionado por\u00a0 <\/strong><a href=\"https:\/\/www.clevercare.info\/\"><img loading=\"lazy\" decoding=\"async\" src=\"https:\/\/reisatextil.com\/wp-content\/uploads\/2020\/02\/CLEVERCARE-1-300x111.png\" alt=\"Simbolos Lavado REISA TEXTIL\" width=\"105\" height=\"36\" class=\"wp-image-400\" \/><\/a><\/p>\n<p style=\"text-align: center;\"><span style=\"font-size: 14px;\"><strong><span style=\"color: #333333; font-family: 'Amazon Ember', Arial, sans-serif;\">FABRICADO EN ESPA\u00d1A | Made in Spain<\/span><\/strong><\/span><\/p>\n<p style=\"text-align: center;\"><span style=\"font-size: 14px;\"><strong><span style=\"color: #333333; font-family: 'Amazon Ember', Arial, sans-serif;\"><\/span><\/strong><\/span><\/p>","protected":false},"excerpt":{"rendered":"<p style=\"text-align: left;\"><span>\u00a0Viste tu hogar con un toque diferente, nuestra<\/span> Colcha Multiusos Espiga Beige Camel<strong>\u00a0<a href=\"https:\/\/reisatextil.com\/en\/\">REISA<\/a> <\/strong>es perfecta para\u00a0decorar\u00a0el sal\u00f3n o la habitaci\u00f3n de\u00a0tu casa, sirve tanto para el\u00a0sof\u00e1\u00a0como para la\u00a0cama\u00a0o\u00a0sillones. Disponemos de un <strong><a href=\"https:\/\/reisatextil.com\/en\/colchas-multiusos\/\">gran abanico de colores<\/a><\/strong>, elige el que m\u00e1s se ajuste a tu entorno.<\/p>\n<p><a href=\"#popmake-429\"><strong>GU\u00cdA DE TALLAS\u00a0 INTUITIVA\u00a0<\/strong><\/a>| <span style=\"font-size: 14px;\"><strong><span style=\"color: #333333; font-family: 'Amazon Ember', Arial, sans-serif;\">FABRICADO EN ESPA\u00d1A | Made in Spain<\/span><\/strong><\/span><\/p>\n<p><img loading=\"lazy\" decoding=\"async\" src=\"https:\/\/reisatextil.com\/wp-content\/uploads\/2020\/02\/Marcas-reisa-logo.jpg\" alt=\"\" width=\"600\" height=\"92\" class=\"alignnone size-full wp-image-397\" srcset=\"https:\/\/reisatextil.com\/wp-content\/uploads\/2020\/02\/Marcas-reisa-logo.jpg 600w, https:\/\/reisatextil.com\/wp-content\/uploads\/2020\/02\/Marcas-reisa-logo-300x46.jpg 300w\" sizes=\"auto, (max-width: 600px) 100vw, 600px\" \/><\/p>","protected":false},"featured_media":287,"comment_status":"open","ping_status":"closed","template":"","meta":[],"product_cat":[44,40],"product_tag":[51,45,49,46,48,47,50],"class_list":["post-452","product","type-product","status-publish","has-post-thumbnail","hentry","product_cat-colcha-multiusos-espiga","product_cat-colchas-multiusos","product_tag-algodon-reciclado","product_tag-colcha","product_tag-colcha-multiusos","product_tag-cubrecama","product_tag-foulard","product_tag-plaid","product_tag-textil-hogar"],"yoast_head":"<!-- This site is optimized with the Yoast SEO plugin v18.4.1 - https:\/\/yoast.com\/wordpress\/plugins\/seo\/ -->\n<title>Colcha Multiusos Espiga Beige Camel para cama, sof\u00e1, sill\u00f3n.<\/title>\n<meta name=\"description\" content=\"Esta Colcha Multiusos Espiga Beige Camel es perfecta para\u00a0decorar\u00a0el sal\u00f3n o la habitaci\u00f3n de\u00a0tu casa, sirve tanto para el\u00a0sof\u00e1\u00a0como para la\u00a0cama.\" \/>\n<meta name=\"robots\" content=\"index, follow, max-snippet:-1, max-image-preview:large, max-video-preview:-1\" \/>\n<link rel=\"canonical\" href=\"https:\/\/reisatextil.com\/en\/product\/colcha-multiusos-espiga-beige-camel\/\" \/>\n<meta property=\"og:locale\" content=\"en_US\" \/>\n<meta property=\"og:type\" content=\"article\" \/>\n<meta property=\"og:title\" content=\"Colcha Multiusos Espiga Beige Camel para cama, sof\u00e1, sill\u00f3n.\" \/>\n<meta property=\"og:description\" content=\"Esta Colcha Multiusos Espiga Beige Camel es perfecta para\u00a0decorar\u00a0el sal\u00f3n o la habitaci\u00f3n de\u00a0tu casa, sirve tanto para el\u00a0sof\u00e1\u00a0como para la\u00a0cama.\" \/>\n<meta property=\"og:url\" content=\"https:\/\/reisatextil.com\/en\/product\/colcha-multiusos-espiga-beige-camel\/\" \/>\n<meta property=\"og:site_name\" content=\"Reisa Textil\" \/>\n<meta property=\"article:modified_time\" content=\"2021-01-02T06:57:30+00:00\" \/>\n<meta property=\"og:image\" content=\"https:\/\/reisatextil.com\/wp-content\/uploads\/2020\/02\/ESPIGA-BEIG-CAMEL-scaled.jpg\" \/>\n\t<meta property=\"og:image:width\" content=\"2560\" \/>\n\t<meta property=\"og:image:height\" content=\"1920\" \/>\n\t<meta property=\"og:image:type\" content=\"image\/jpeg\" \/>\n<meta name=\"twitter:card\" content=\"summary_large_image\" \/>\n<meta name=\"twitter:label1\" content=\"Est. reading time\" \/>\n\t<meta name=\"twitter:data1\" content=\"1 minute\" \/>\n<script type=\"application\/ld+json\" class=\"yoast-schema-graph\">{\"@context\":\"https:\/\/schema.org\",\"@graph\":[{\"@type\":\"WebSite\",\"@id\":\"https:\/\/reisatextil.com\/#website\",\"url\":\"https:\/\/reisatextil.com\/\",\"name\":\"Reisa Textil\",\"description\":\"Colchas Multiusos para el hogar y textiles en general\",\"potentialAction\":[{\"@type\":\"SearchAction\",\"target\":{\"@type\":\"EntryPoint\",\"urlTemplate\":\"https:\/\/reisatextil.com\/?s={search_term_string}\"},\"query-input\":\"required name=search_term_string\"}],\"inLanguage\":\"en-US\"},{\"@type\":\"ImageObject\",\"@id\":\"https:\/\/reisatextil.com\/producto\/colcha-multiusos-espiga-beige-camel\/#primaryimage\",\"inLanguage\":\"en-US\",\"url\":\"https:\/\/reisatextil.com\/wp-content\/uploads\/2020\/02\/ESPIGA-BEIG-CAMEL-scaled.jpg\",\"contentUrl\":\"https:\/\/reisatextil.com\/wp-content\/uploads\/2020\/02\/ESPIGA-BEIG-CAMEL-scaled.jpg\",\"width\":2560,\"height\":1920,\"caption\":\"COLCHA MULTIUSOS ESPIGA BEIG CAMEL\"},{\"@type\":\"WebPage\",\"@id\":\"https:\/\/reisatextil.com\/producto\/colcha-multiusos-espiga-beige-camel\/#webpage\",\"url\":\"https:\/\/reisatextil.com\/producto\/colcha-multiusos-espiga-beige-camel\/\",\"name\":\"Colcha Multiusos Espiga Beige Camel para cama, sof\u00e1, sill\u00f3n.\",\"isPartOf\":{\"@id\":\"https:\/\/reisatextil.com\/#website\"},\"primaryImageOfPage\":{\"@id\":\"https:\/\/reisatextil.com\/producto\/colcha-multiusos-espiga-beige-camel\/#primaryimage\"},\"datePublished\":\"2020-05-06T08:50:11+00:00\",\"dateModified\":\"2021-01-02T06:57:30+00:00\",\"description\":\"Esta Colcha Multiusos Espiga Beige Camel es perfecta para\u00a0decorar\u00a0el sal\u00f3n o la habitaci\u00f3n de\u00a0tu casa, sirve tanto para el\u00a0sof\u00e1\u00a0como para la\u00a0cama.\",\"breadcrumb\":{\"@id\":\"https:\/\/reisatextil.com\/producto\/colcha-multiusos-espiga-beige-camel\/#breadcrumb\"},\"inLanguage\":\"en-US\",\"potentialAction\":[{\"@type\":\"ReadAction\",\"target\":[\"https:\/\/reisatextil.com\/producto\/colcha-multiusos-espiga-beige-camel\/\"]}]},{\"@type\":\"BreadcrumbList\",\"@id\":\"https:\/\/reisatextil.com\/producto\/colcha-multiusos-espiga-beige-camel\/#breadcrumb\",\"itemListElement\":[{\"@type\":\"ListItem\",\"position\":1,\"name\":\"Portada\",\"item\":\"https:\/\/reisatextil.com\/\"},{\"@type\":\"ListItem\",\"position\":2,\"name\":\"Tienda\",\"item\":\"https:\/\/reisatextil.com\/tienda\/\"},{\"@type\":\"ListItem\",\"position\":3,\"name\":\"Colcha Multiusos Espiga Beige Camel\"}]}]}<\/script>\n<!-- \/ Yoast SEO plugin. -->","yoast_head_json":{"title":"Colcha Multiusos Espiga Beige Camel para cama, sof\u00e1, sill\u00f3n.","description":"Esta Colcha Multiusos Espiga Beige Camel es perfecta para\u00a0decorar\u00a0el sal\u00f3n o la habitaci\u00f3n de\u00a0tu casa, sirve tanto para el\u00a0sof\u00e1\u00a0como para la\u00a0cama.","robots":{"index":"index","follow":"follow","max-snippet":"max-snippet:-1","max-image-preview":"max-image-preview:large","max-video-preview":"max-video-preview:-1"},"canonical":"https:\/\/reisatextil.com\/en\/product\/colcha-multiusos-espiga-beige-camel\/","og_locale":"en_US","og_type":"article","og_title":"Colcha Multiusos Espiga Beige Camel para cama, sof\u00e1, sill\u00f3n.","og_description":"Esta Colcha Multiusos Espiga Beige Camel es perfecta para\u00a0decorar\u00a0el sal\u00f3n o la habitaci\u00f3n de\u00a0tu casa, sirve tanto para el\u00a0sof\u00e1\u00a0como para la\u00a0cama.","og_url":"https:\/\/reisatextil.com\/en\/product\/colcha-multiusos-espiga-beige-camel\/","og_site_name":"Reisa Textil","article_modified_time":"2021-01-02T06:57:30+00:00","og_image":[{"width":2560,"height":1920,"url":"https:\/\/reisatextil.com\/wp-content\/uploads\/2020\/02\/ESPIGA-BEIG-CAMEL-scaled.jpg","type":"image\/jpeg"}],"twitter_card":"summary_large_image","twitter_misc":{"Est. reading time":"1 minute"},"schema":{"@context":"https:\/\/schema.org","@graph":[{"@type":"WebSite","@id":"https:\/\/reisatextil.com\/#website","url":"https:\/\/reisatextil.com\/","name":"Reisa Textil","description":"Colchas Multiusos para el hogar y textiles en general","potentialAction":[{"@type":"SearchAction","target":{"@type":"EntryPoint","urlTemplate":"https:\/\/reisatextil.com\/?s={search_term_string}"},"query-input":"required name=search_term_string"}],"inLanguage":"en-US"},{"@type":"ImageObject","@id":"https:\/\/reisatextil.com\/producto\/colcha-multiusos-espiga-beige-camel\/#primaryimage","inLanguage":"en-US","url":"https:\/\/reisatextil.com\/wp-content\/uploads\/2020\/02\/ESPIGA-BEIG-CAMEL-scaled.jpg","contentUrl":"https:\/\/reisatextil.com\/wp-content\/uploads\/2020\/02\/ESPIGA-BEIG-CAMEL-scaled.jpg","width":2560,"height":1920,"caption":"COLCHA MULTIUSOS ESPIGA BEIG CAMEL"},{"@type":"WebPage","@id":"https:\/\/reisatextil.com\/producto\/colcha-multiusos-espiga-beige-camel\/#webpage","url":"https:\/\/reisatextil.com\/producto\/colcha-multiusos-espiga-beige-camel\/","name":"Colcha Multiusos Espiga Beige Camel para cama, sof\u00e1, sill\u00f3n.","isPartOf":{"@id":"https:\/\/reisatextil.com\/#website"},"primaryImageOfPage":{"@id":"https:\/\/reisatextil.com\/producto\/colcha-multiusos-espiga-beige-camel\/#primaryimage"},"datePublished":"2020-05-06T08:50:11+00:00","dateModified":"2021-01-02T06:57:30+00:00","description":"Esta Colcha Multiusos Espiga Beige Camel es perfecta para\u00a0decorar\u00a0el sal\u00f3n o la habitaci\u00f3n de\u00a0tu casa, sirve tanto para el\u00a0sof\u00e1\u00a0como para la\u00a0cama.","breadcrumb":{"@id":"https:\/\/reisatextil.com\/producto\/colcha-multiusos-espiga-beige-camel\/#breadcrumb"},"inLanguage":"en-US","potentialAction":[{"@type":"ReadAction","target":["https:\/\/reisatextil.com\/producto\/colcha-multiusos-espiga-beige-camel\/"]}]},{"@type":"BreadcrumbList","@id":"https:\/\/reisatextil.com\/producto\/colcha-multiusos-espiga-beige-camel\/#breadcrumb","itemListElement":[{"@type":"ListItem","position":1,"name":"Portada","item":"https:\/\/reisatextil.com\/"},{"@type":"ListItem","position":2,"name":"Tienda","item":"https:\/\/reisatextil.com\/tienda\/"},{"@type":"ListItem","position":3,"name":"Colcha Multiusos Espiga Beige Camel"}]}]}},"_links":{"self":[{"href":"https:\/\/reisatextil.com\/en\/wp-json\/wp\/v2\/product\/452","targetHints":{"allow":["GET"]}}],"collection":[{"href":"https:\/\/reisatextil.com\/en\/wp-json\/wp\/v2\/product"}],"about":[{"href":"https:\/\/reisatextil.com\/en\/wp-json\/wp\/v2\/types\/product"}],"replies":[{"embeddable":true,"href":"https:\/\/reisatextil.com\/en\/wp-json\/wp\/v2\/comments?post=452"}],"wp:featuredmedia":[{"embeddable":true,"href":"https:\/\/reisatextil.com\/en\/wp-json\/wp\/v2\/media\/287"}],"wp:attachment":[{"href":"https:\/\/reisatextil.com\/en\/wp-json\/wp\/v2\/media?parent=452"}],"wp:term":[{"taxonomy":"product_cat","embeddable":true,"href":"https:\/\/reisatextil.com\/en\/wp-json\/wp\/v2\/product_cat?post=452"},{"taxonomy":"product_tag","embeddable":true,"href":"https:\/\/reisatextil.com\/en\/wp-json\/wp\/v2\/product_tag?post=452"}],"curies":[{"name":"wp","href":"https:\/\/api.w.org\/{rel}","templated":true}]}}