{"id":76,"date":"2020-02-25T13:03:35","date_gmt":"2020-02-25T13:03:35","guid":{"rendered":"https:\/\/reisatextil.com\/?page_id=76"},"modified":"2020-03-02T17:23:15","modified_gmt":"2020-03-02T17:23:15","slug":"sobre-reisa","status":"publish","type":"page","link":"https:\/\/reisatextil.com\/en\/sobre-reisa\/","title":{"rendered":"Sobre nosotros"},"content":{"rendered":"<h2 class=\"has-text-align-center wp-block-heading\">Nuestra historia<\/h2>\n\n\n\n<blockquote class=\"wp-block-quote is-layout-flow wp-block-quote-is-layout-flow\"><p>  Las especies que sobreviven no son las m\u00e1s fuertes, ni las m\u00e1s r\u00e1pidas, ni las m\u00e1s inteligentes; sino aquellas que se adaptan mejor al cambio. <\/p><cite>Charles Darwin<\/cite><\/blockquote>\n\n\n\n<p>Somos una\u00a0empresa con m\u00e1s de 40 a\u00f1os en el sector de la fabricaci\u00f3n textil.<\/p>\n\n\n\n<p>Nuestra presencia en el sector textil ha estado marcada durante a\u00f1os por la adaptabilidad en sus diversos campos como el del calzado, la marroquiner\u00eda, la publicidad textil, los tejidos especiales para la seguridad en el trabajo, la automoci\u00f3n, la marqueter\u00eda, la corbater\u00eda, etc. As\u00ed mismo, los cambios en nuestros tejidos, procesos de fabricaci\u00f3n y pol\u00edticas de empresa han sido claves para posicionarnos en un enclave textil  que requiere transformaciones a un ritmo veloz.<\/p>\n\n\n\n<p>Estamos especializados en la fabricaci\u00f3n de&nbsp;<a href=\"https:\/\/reisatextil.com\/en\/colchas-multiusos\/\"><strong>Colchas Multiusos<\/strong><\/a>&nbsp;para el hogar, campo, playa, autom\u00f3vil, sof\u00e1s, sillones, etc, as\u00ed como en la fabricaci\u00f3n de&nbsp;<a href=\"https:\/\/reisatextil.com\/en\/tejidos\/\">lonas, soportes para tapicer\u00eda y tejidos en general<\/a>.<\/p>\n\n\n\n<p><\/p>\n\n\n\n<div class=\"wp-block-themeisle-blocks-advanced-columns has-1-columns has-desktop-equal-layout has-tablet-equal-layout has-mobile-equal-layout has-default-gap has-vertical-unset\" id=\"wp-block-themeisle-blocks-advanced-columns-7e04f290\" style=\"border-width:0px;border-style:solid;border-color:#000000;border-radius:0px;justify-content:unset\"><div class=\"wp-themeisle-block-overlay\" style=\"opacity:0.5;mix-blend-mode:normal\"><\/div><div class=\"innerblocks-wrap\">\n<div class=\"wp-block-themeisle-blocks-advanced-column\" id=\"wp-block-themeisle-blocks-advanced-column-c56b1cdc\" style=\"border-width:0px;border-style:solid;border-color:#000000;border-radius:0px\">\n<div class=\"aiovg-player-container\" style=\"max-width: 100%;\"><div class=\"aiovg-player aiovg-player-iframe\" style=\"padding-bottom: 56.25%;\" data-id=\"1\" data-src=\"https:\/\/reisatextil.com\/en\/player-embed\/id\/83\/\"><iframe loading=\"lazy\" width=\"560\" height=\"315\" src=\"https:\/\/reisatextil.com\/en\/player-embed\/id\/83\/\" frameborder=\"0\" scrolling=\"no\" allow=\"accelerometer; autoplay; encrypted-media; gyroscope; picture-in-picture\" webkitallowfullscreen mozallowfullscreen allowfullscreen><\/iframe><\/div><\/div>\n<\/div>\n<\/div><\/div>","protected":false},"excerpt":{"rendered":"<p>Nuestra historia Las especies que sobreviven no son las m\u00e1s fuertes, ni las m\u00e1s r\u00e1pidas, ni las m\u00e1s inteligentes; sino aquellas que se adaptan mejor al cambio. Charles Darwin Somos una\u00a0empresa con m\u00e1s de 40 a\u00f1os en el sector de la fabricaci\u00f3n textil. Nuestra presencia en el sector textil ha [&hellip;]<\/p>","protected":false},"author":1,"featured_media":26,"parent":0,"menu_order":0,"comment_status":"closed","ping_status":"closed","template":"page-templates\/template-fullwidth.php","meta":{"footnotes":""},"class_list":["post-76","page","type-page","status-publish","has-post-thumbnail","hentry"],"yoast_head":"<!-- This site is optimized with the Yoast SEO plugin v18.4.1 - https:\/\/yoast.com\/wordpress\/plugins\/seo\/ -->\n<title>Sobre nosotros - Reisa Textil<\/title>\n<meta name=\"robots\" content=\"index, follow, max-snippet:-1, max-image-preview:large, max-video-preview:-1\" \/>\n<link rel=\"canonical\" href=\"https:\/\/reisatextil.com\/en\/sobre-reisa\/\" \/>\n<meta property=\"og:locale\" content=\"en_US\" \/>\n<meta property=\"og:type\" content=\"article\" \/>\n<meta property=\"og:title\" content=\"Sobre nosotros - Reisa Textil\" \/>\n<meta property=\"og:description\" content=\"Nuestra historia Las especies que sobreviven no son las m\u00e1s fuertes, ni las m\u00e1s r\u00e1pidas, ni las m\u00e1s inteligentes; sino aquellas que se adaptan mejor al cambio. Charles Darwin Somos una\u00a0empresa con m\u00e1s de 40 a\u00f1os en el sector de la fabricaci\u00f3n textil. Nuestra presencia en el sector textil ha [&hellip;]\" \/>\n<meta property=\"og:url\" content=\"https:\/\/reisatextil.com\/en\/sobre-reisa\/\" \/>\n<meta property=\"og:site_name\" content=\"Reisa Textil\" \/>\n<meta property=\"article:modified_time\" content=\"2020-03-02T17:23:15+00:00\" \/>\n<meta property=\"og:image\" content=\"https:\/\/reisatextil.com\/wp-content\/uploads\/2020\/02\/Conos.jpg\" \/>\n\t<meta property=\"og:image:width\" content=\"1600\" \/>\n\t<meta property=\"og:image:height\" content=\"1066\" \/>\n\t<meta property=\"og:image:type\" content=\"image\/jpeg\" \/>\n<meta name=\"twitter:card\" content=\"summary_large_image\" \/>\n<meta name=\"twitter:label1\" content=\"Est. reading time\" \/>\n\t<meta name=\"twitter:data1\" content=\"1 minute\" \/>\n<script type=\"application\/ld+json\" class=\"yoast-schema-graph\">{\"@context\":\"https:\/\/schema.org\",\"@graph\":[{\"@type\":\"WebSite\",\"@id\":\"https:\/\/reisatextil.com\/#website\",\"url\":\"https:\/\/reisatextil.com\/\",\"name\":\"Reisa Textil\",\"description\":\"Colchas Multiusos para el hogar y textiles en general\",\"potentialAction\":[{\"@type\":\"SearchAction\",\"target\":{\"@type\":\"EntryPoint\",\"urlTemplate\":\"https:\/\/reisatextil.com\/?s={search_term_string}\"},\"query-input\":\"required name=search_term_string\"}],\"inLanguage\":\"en-US\"},{\"@type\":\"ImageObject\",\"@id\":\"https:\/\/reisatextil.com\/sobre-reisa\/#primaryimage\",\"inLanguage\":\"en-US\",\"url\":\"https:\/\/reisatextil.com\/wp-content\/uploads\/2020\/02\/Conos.jpg\",\"contentUrl\":\"https:\/\/reisatextil.com\/wp-content\/uploads\/2020\/02\/Conos.jpg\",\"width\":1600,\"height\":1066},{\"@type\":\"WebPage\",\"@id\":\"https:\/\/reisatextil.com\/sobre-reisa\/#webpage\",\"url\":\"https:\/\/reisatextil.com\/sobre-reisa\/\",\"name\":\"Sobre nosotros - Reisa Textil\",\"isPartOf\":{\"@id\":\"https:\/\/reisatextil.com\/#website\"},\"primaryImageOfPage\":{\"@id\":\"https:\/\/reisatextil.com\/sobre-reisa\/#primaryimage\"},\"datePublished\":\"2020-02-25T13:03:35+00:00\",\"dateModified\":\"2020-03-02T17:23:15+00:00\",\"breadcrumb\":{\"@id\":\"https:\/\/reisatextil.com\/sobre-reisa\/#breadcrumb\"},\"inLanguage\":\"en-US\",\"potentialAction\":[{\"@type\":\"ReadAction\",\"target\":[\"https:\/\/reisatextil.com\/sobre-reisa\/\"]}]},{\"@type\":\"BreadcrumbList\",\"@id\":\"https:\/\/reisatextil.com\/sobre-reisa\/#breadcrumb\",\"itemListElement\":[{\"@type\":\"ListItem\",\"position\":1,\"name\":\"Portada\",\"item\":\"https:\/\/reisatextil.com\/\"},{\"@type\":\"ListItem\",\"position\":2,\"name\":\"Sobre nosotros\"}]}]}<\/script>\n<!-- \/ Yoast SEO plugin. -->","yoast_head_json":{"title":"Sobre nosotros - Reisa Textil","robots":{"index":"index","follow":"follow","max-snippet":"max-snippet:-1","max-image-preview":"max-image-preview:large","max-video-preview":"max-video-preview:-1"},"canonical":"https:\/\/reisatextil.com\/en\/sobre-reisa\/","og_locale":"en_US","og_type":"article","og_title":"Sobre nosotros - Reisa Textil","og_description":"Nuestra historia Las especies que sobreviven no son las m\u00e1s fuertes, ni las m\u00e1s r\u00e1pidas, ni las m\u00e1s inteligentes; sino aquellas que se adaptan mejor al cambio. Charles Darwin Somos una\u00a0empresa con m\u00e1s de 40 a\u00f1os en el sector de la fabricaci\u00f3n textil. Nuestra presencia en el sector textil ha [&hellip;]","og_url":"https:\/\/reisatextil.com\/en\/sobre-reisa\/","og_site_name":"Reisa Textil","article_modified_time":"2020-03-02T17:23:15+00:00","og_image":[{"width":1600,"height":1066,"url":"https:\/\/reisatextil.com\/wp-content\/uploads\/2020\/02\/Conos.jpg","type":"image\/jpeg"}],"twitter_card":"summary_large_image","twitter_misc":{"Est. reading time":"1 minute"},"schema":{"@context":"https:\/\/schema.org","@graph":[{"@type":"WebSite","@id":"https:\/\/reisatextil.com\/#website","url":"https:\/\/reisatextil.com\/","name":"Reisa Textil","description":"Colchas Multiusos para el hogar y textiles en general","potentialAction":[{"@type":"SearchAction","target":{"@type":"EntryPoint","urlTemplate":"https:\/\/reisatextil.com\/?s={search_term_string}"},"query-input":"required name=search_term_string"}],"inLanguage":"en-US"},{"@type":"ImageObject","@id":"https:\/\/reisatextil.com\/sobre-reisa\/#primaryimage","inLanguage":"en-US","url":"https:\/\/reisatextil.com\/wp-content\/uploads\/2020\/02\/Conos.jpg","contentUrl":"https:\/\/reisatextil.com\/wp-content\/uploads\/2020\/02\/Conos.jpg","width":1600,"height":1066},{"@type":"WebPage","@id":"https:\/\/reisatextil.com\/sobre-reisa\/#webpage","url":"https:\/\/reisatextil.com\/sobre-reisa\/","name":"Sobre nosotros - Reisa Textil","isPartOf":{"@id":"https:\/\/reisatextil.com\/#website"},"primaryImageOfPage":{"@id":"https:\/\/reisatextil.com\/sobre-reisa\/#primaryimage"},"datePublished":"2020-02-25T13:03:35+00:00","dateModified":"2020-03-02T17:23:15+00:00","breadcrumb":{"@id":"https:\/\/reisatextil.com\/sobre-reisa\/#breadcrumb"},"inLanguage":"en-US","potentialAction":[{"@type":"ReadAction","target":["https:\/\/reisatextil.com\/sobre-reisa\/"]}]},{"@type":"BreadcrumbList","@id":"https:\/\/reisatextil.com\/sobre-reisa\/#breadcrumb","itemListElement":[{"@type":"ListItem","position":1,"name":"Portada","item":"https:\/\/reisatextil.com\/"},{"@type":"ListItem","position":2,"name":"Sobre nosotros"}]}]}},"_links":{"self":[{"href":"https:\/\/reisatextil.com\/en\/wp-json\/wp\/v2\/pages\/76","targetHints":{"allow":["GET"]}}],"collection":[{"href":"https:\/\/reisatextil.com\/en\/wp-json\/wp\/v2\/pages"}],"about":[{"href":"https:\/\/reisatextil.com\/en\/wp-json\/wp\/v2\/types\/page"}],"author":[{"embeddable":true,"href":"https:\/\/reisatextil.com\/en\/wp-json\/wp\/v2\/users\/1"}],"replies":[{"embeddable":true,"href":"https:\/\/reisatextil.com\/en\/wp-json\/wp\/v2\/comments?post=76"}],"version-history":[{"count":18,"href":"https:\/\/reisatextil.com\/en\/wp-json\/wp\/v2\/pages\/76\/revisions"}],"predecessor-version":[{"id":376,"href":"https:\/\/reisatextil.com\/en\/wp-json\/wp\/v2\/pages\/76\/revisions\/376"}],"wp:featuredmedia":[{"embeddable":true,"href":"https:\/\/reisatextil.com\/en\/wp-json\/wp\/v2\/media\/26"}],"wp:attachment":[{"href":"https:\/\/reisatextil.com\/en\/wp-json\/wp\/v2\/media?parent=76"}],"curies":[{"name":"wp","href":"https:\/\/api.w.org\/{rel}","templated":true}]}}