{"id":711,"date":"2022-05-16T11:40:43","date_gmt":"2022-05-16T11:40:43","guid":{"rendered":"https:\/\/reisatextil.com\/?page_id=711"},"modified":"2022-05-17T06:38:28","modified_gmt":"2022-05-17T06:38:28","slug":"home-fr","status":"publish","type":"page","link":"https:\/\/reisatextil.com\/en\/home-fr\/","title":{"rendered":"D\u00e9corez votre maison avec style"},"content":{"rendered":"<p><span class=\"sub-title\" style=\"text-align: center;\">Depuis 1980, nous apportons de la chaleur \u00e0 vos espaces, en offrant un service de qualit\u00e9 et une innovation constante, avec pour objectif principal la durabilit\u00e9.<\/span><\/p>\n<div class=\"buttons\" style=\"text-align: center;\">\n\t\t\t\t\t<a href=\"https:\/\/reisatextil.com\/en\/fr\/courtepointes-polyvalentes-reisa\/\" title=\"CAT\u00c1LOGO COLCHAS MULTIUSOS\" class=\"btn btn-primary\">CATALOGUE COUVRE-LITS MULTI-USAGES<\/a><\/div>\n<section class=\"hestia-features\" id=\"features\" data-sorder=\"hestia_features\">\n<div class=\"container\">\n<div class=\"row\">\n<div class=\"col-md-8 col-md-offset-2 hestia-features-title-area\">\n<h2 class=\"hestia-title\">Pourquoi devriez-vous nous choisir ?<\/h2>\n<h5 class=\"description\">Voici quelques-uns des avantages de travailler avec notre entreprise<\/h5>\n<\/div>\n<\/div>\n<div class=\"hestia-features-content\">\n<div class=\"row\">\n<div class=\"col-xs-12 col-md-4 feature-box\">\n<div class=\"hestia-info\">\n\t\t\t\t\t\t<a href=\"https:\/\/reisatextil.com\/en\/colchas-multiusos-reisa-sostenibilidad\/\"><\/p>\n<div class=\"icon\" style=\"color:#25d61b\">\n\t\t\t\t\t\t\t\t\t\t<i class=\"fas fa-recycle\"><\/i><\/div>\n<h4 class=\"info-title\">DURABILIT\u00c9<\/h4>\n<p><\/a><a href=\"https:\/\/reisatextil.com\/en\/colchas-multiusos-reisa-sostenibilidad\/\"><\/a><a href=\"https:\/\/reisatextil.com\/en\/colchas-multiusos-reisa-sostenibilidad\/\"><\/a><a href=\"#\"><\/a><a href=\"#\"><\/a><a href=\"#\"><\/a><a href=\"#\"><\/a><a href=\"#\"><\/a><a href=\"#\"><\/a><a href=\"#\"><\/a><a href=\"#\"><\/a><a href=\"#\"><\/a><a href=\"#\"><\/a><a href=\"#\"><\/a><a href=\"#\"><\/a><a href=\"#\"><\/a><a href=\"#\"><\/a><a href=\"#\">\t\t\t\t\t\t\t\t\t\t\t\t\t\t\t\t\t\t\t\t<\/a><\/p>\n<p>Depuis 1980, notre entreprise a appris \u00e0 coexister avec l&#8217;environnement jusqu&#8217;\u00e0 aujourd&#8217;hui, en renouvelant les processus et en s&#8217;adaptant aux changements les plus fragiles que le monde exige, c&#8217;est pourquoi nous travaillons avec des mat\u00e9riaux tels que le coton recycl\u00e9.<\/p>\n<\/div>\n<\/div>\n<div class=\"col-xs-12 col-md-4 feature-box\">\n<div class=\"hestia-info\">\n\t\t\t\t\t\t<a href=\"#\"><\/p>\n<div class=\"icon\" style=\"color:#00bcd4\">\n\t\t\t\t\t\t\t\t\t\t<i class=\"fa fa-check\"><\/i><\/div>\n<h4 class=\"info-title\">QUALIT\u00c9<\/h4>\n<p><\/a><a href=\"#\"><\/a><a href=\"#\"><\/a><a href=\"#\"><\/a><a href=\"#\"><\/a><a href=\"#\"><\/a><a href=\"#\"><\/a><a href=\"#\"><\/a><a href=\"#\"><\/a><a href=\"#\"><\/a><a href=\"#\"><\/a><a href=\"#\"><\/a><a href=\"#\"><\/a><a href=\"#\"><\/a><a href=\"#\"><\/a><a href=\"#\"><\/a><a href=\"#\"><\/a><a href=\"#\">\t\t\t\t\t\t\t\t\t\t\t\t\t\t\t\t\t\t\t\t<\/a><\/p>\n<p>Nous r\u00e9visons fr\u00e9quemment nos processus de qualit\u00e9, garantissant ainsi un produit final parfait. Nous effectuons des \u00e9tudes m\u00e9ticuleuses pour choisir les mati\u00e8res premi\u00e8res aupr\u00e8s des meilleurs fournisseurs.<\/p>\n<\/div>\n<\/div>\n<div class=\"col-xs-12 col-md-4 feature-box\">\n<div class=\"hestia-info\">\n\t\t\t\t\t\t<a href=\"#\"><\/p>\n<div class=\"icon\" style=\"color:#ff5b5b\">\n\t\t\t\t\t\t\t\t\t\t<i class=\"fa fa-support\"><\/i><\/div>\n<h4 class=\"info-title\">SERVICE<\/h4>\n<p><\/a><a href=\"#\"><\/a><a href=\"#\"><\/a><a href=\"#\"><\/a><a href=\"#\"><\/a><a href=\"#\"><\/a><a href=\"#\"><\/a><a href=\"#\"><\/a><a href=\"#\"><\/a><a href=\"#\"><\/a><a href=\"#\"><\/a><a href=\"#\"><\/a><a href=\"#\"><\/a><a href=\"#\"><\/a><a href=\"#\"><\/a><a href=\"#\"><\/a><a href=\"#\"><\/a><a href=\"#\">\t\t\t\t\t\t\t\t\t\t\t\t\t\t\t\t\t\t\t\t<\/a><\/p>\n<p>Nous g\u00e9rons nos relations commerciales du d\u00e9but \u00e0 la fin de mani\u00e8re personnelle et professionnelle, en offrant un service rapide et comp\u00e9tent.<\/p>\n<\/div>\n<\/div>\n<\/div>\n<\/div>\n<\/div>\n<\/section>\n<section class=\"hestia-ribbon section section-image\" id=\"ribbon\" data-sorder=\"hestia_ribbon\" style=\"background-image: url( https:\/\/reisatextil.com\/wp-content\/uploads\/2020\/02\/Telares-camara.jpg);\">\n<div class=\"container\">\n<div class=\"row hestia-xs-text-center hestia-like-table hestia-ribbon-content\">\n<div class=\"col-md-8 hestia-ribbon-content-left\">\n<h2 class=\"hestia-title\" style=\"margin:0;\">\n\t\t\t\t\t\t\t\tNous pr\u00e9sentons notre vid\u00e9o d&#8217;entreprise<\/h2>\n<\/div>\n<div class=\"col-md-4 text-center hestia-ribbon-content-right\">\n\t\t\t\t\t\t<a href=\"https:\/\/reisatextil.com\/en\/fr\/video-dentreprise-de-reisa\/\" class=\"btn btn-md btn-primary hestia-subscribe-button\">Regarder la vid\u00e9o<\/a><\/div>\n<\/div>\n<\/div>\n<\/section>\n<section class=\"hestia-clients-bar text-center\" id=\"clients\" data-sorder=\"hestia_clients_bar\">\n<div class=\"container\">\n<ul class=\"clients-bar-wrapper\">\n<li class=\"clients-bar-item\"><a href=\"https:\/\/reisatextil.com\/en\/incentivando-nuestra-declaracion-de-calidad-certificado-grs\/\"><img decoding=\"async\" src=\"https:\/\/reisatextil.com\/wp-content\/uploads\/2021\/09\/GRS-REISA-TEXTIL-SL-Colchas-Multiusos.png\" alt=\"\"><\/a><\/li>\n<li class=\"clients-bar-item\"><a href=\"https:\/\/reisatextil.com\/en\/video-corporativo-reisa\/\"><img decoding=\"async\" src=\"https:\/\/reisatextil.com\/wp-content\/uploads\/2020\/02\/Logo-reisa-fondo-blanco-300x111.jpg\" alt=\"\"><\/a><\/li>\n<li class=\"clients-bar-item\"><a href=\"https:\/\/reisatextil.com\/en\/colchas-multiusos-reisa-sostenibilidad\/\"><img decoding=\"async\" src=\"https:\/\/reisatextil.com\/wp-content\/uploads\/2020\/02\/Cotton-recycled-300x111.jpg\" alt=\"\"><\/a><\/li>\n<\/ul>\n<\/div>\n<\/section>","protected":false},"excerpt":{"rendered":"<p>Depuis 1980, nous apportons de la chaleur \u00e0 vos espaces, en offrant un service de qualit\u00e9 et une innovation constante, avec pour objectif principal la durabilit\u00e9. CATALOGUE COUVRE-LITS MULTI-USAGES Pourquoi devriez-vous nous choisir ? Voici quelques-uns des avantages de travailler avec notre entreprise DURABILIT\u00c9 Depuis 1980, notre entreprise a appris [&hellip;]<\/p>","protected":false},"author":3,"featured_media":740,"parent":0,"menu_order":0,"comment_status":"closed","ping_status":"closed","template":"","meta":{"footnotes":""},"class_list":["post-711","page","type-page","status-publish","has-post-thumbnail","hentry"],"yoast_head":"<!-- This site is optimized with the Yoast SEO plugin v18.4.1 - https:\/\/yoast.com\/wordpress\/plugins\/seo\/ -->\n<title>D\u00e9corez votre maison avec style - Reisa Textil<\/title>\n<meta name=\"robots\" content=\"index, follow, max-snippet:-1, max-image-preview:large, max-video-preview:-1\" \/>\n<link rel=\"canonical\" href=\"https:\/\/reisatextil.com\/en\/fr\/home-fr\/\" \/>\n<meta property=\"og:locale\" content=\"en_US\" \/>\n<meta property=\"og:type\" content=\"article\" \/>\n<meta property=\"og:title\" content=\"D\u00e9corez votre maison avec style - Reisa Textil\" \/>\n<meta property=\"og:description\" content=\"Depuis 1980, nous apportons de la chaleur \u00e0 vos espaces, en offrant un service de qualit\u00e9 et une innovation constante, avec pour objectif principal la durabilit\u00e9. CATALOGUE COUVRE-LITS MULTI-USAGES Pourquoi devriez-vous nous choisir ? Voici quelques-uns des avantages de travailler avec notre entreprise DURABILIT\u00c9 Depuis 1980, notre entreprise a appris [&hellip;]\" \/>\n<meta property=\"og:url\" content=\"https:\/\/reisatextil.com\/en\/fr\/home-fr\/\" \/>\n<meta property=\"og:site_name\" content=\"Reisa Textil\" \/>\n<meta property=\"article:modified_time\" content=\"2022-05-17T06:38:28+00:00\" \/>\n<meta property=\"og:image\" content=\"https:\/\/reisatextil.com\/wp-content\/uploads\/2022\/05\/Colchas-Multiusos-REISA-TEXTIL-SL.jpg\" \/>\n\t<meta property=\"og:image:width\" content=\"2000\" \/>\n\t<meta property=\"og:image:height\" content=\"1414\" \/>\n\t<meta property=\"og:image:type\" content=\"image\/jpeg\" \/>\n<meta name=\"twitter:card\" content=\"summary_large_image\" \/>\n<meta name=\"twitter:label1\" content=\"Est. reading time\" \/>\n\t<meta name=\"twitter:data1\" content=\"2 minutes\" \/>\n<script type=\"application\/ld+json\" class=\"yoast-schema-graph\">{\"@context\":\"https:\/\/schema.org\",\"@graph\":[{\"@type\":\"WebSite\",\"@id\":\"https:\/\/reisatextil.com\/#website\",\"url\":\"https:\/\/reisatextil.com\/\",\"name\":\"Reisa Textil\",\"description\":\"Colchas Multiusos para el hogar y textiles en general\",\"potentialAction\":[{\"@type\":\"SearchAction\",\"target\":{\"@type\":\"EntryPoint\",\"urlTemplate\":\"https:\/\/reisatextil.com\/?s={search_term_string}\"},\"query-input\":\"required name=search_term_string\"}],\"inLanguage\":\"en-US\"},{\"@type\":\"ImageObject\",\"@id\":\"https:\/\/reisatextil.com\/fr\/home-fr\/#primaryimage\",\"inLanguage\":\"en-US\",\"url\":\"https:\/\/reisatextil.com\/wp-content\/uploads\/2022\/05\/Colchas-Multiusos-REISA-TEXTIL-SL.jpg\",\"contentUrl\":\"https:\/\/reisatextil.com\/wp-content\/uploads\/2022\/05\/Colchas-Multiusos-REISA-TEXTIL-SL.jpg\",\"width\":2000,\"height\":1414},{\"@type\":\"WebPage\",\"@id\":\"https:\/\/reisatextil.com\/fr\/home-fr\/#webpage\",\"url\":\"https:\/\/reisatextil.com\/fr\/home-fr\/\",\"name\":\"D\u00e9corez votre maison avec style - Reisa Textil\",\"isPartOf\":{\"@id\":\"https:\/\/reisatextil.com\/#website\"},\"primaryImageOfPage\":{\"@id\":\"https:\/\/reisatextil.com\/fr\/home-fr\/#primaryimage\"},\"datePublished\":\"2022-05-16T11:40:43+00:00\",\"dateModified\":\"2022-05-17T06:38:28+00:00\",\"breadcrumb\":{\"@id\":\"https:\/\/reisatextil.com\/fr\/home-fr\/#breadcrumb\"},\"inLanguage\":\"en-US\",\"potentialAction\":[{\"@type\":\"ReadAction\",\"target\":[\"https:\/\/reisatextil.com\/fr\/home-fr\/\"]}]},{\"@type\":\"BreadcrumbList\",\"@id\":\"https:\/\/reisatextil.com\/fr\/home-fr\/#breadcrumb\",\"itemListElement\":[{\"@type\":\"ListItem\",\"position\":1,\"name\":\"Portada\",\"item\":\"https:\/\/reisatextil.com\/\"},{\"@type\":\"ListItem\",\"position\":2,\"name\":\"D\u00e9corez votre maison avec style\"}]}]}<\/script>\n<!-- \/ Yoast SEO plugin. -->","yoast_head_json":{"title":"D\u00e9corez votre maison avec style - Reisa Textil","robots":{"index":"index","follow":"follow","max-snippet":"max-snippet:-1","max-image-preview":"max-image-preview:large","max-video-preview":"max-video-preview:-1"},"canonical":"https:\/\/reisatextil.com\/en\/fr\/home-fr\/","og_locale":"en_US","og_type":"article","og_title":"D\u00e9corez votre maison avec style - Reisa Textil","og_description":"Depuis 1980, nous apportons de la chaleur \u00e0 vos espaces, en offrant un service de qualit\u00e9 et une innovation constante, avec pour objectif principal la durabilit\u00e9. CATALOGUE COUVRE-LITS MULTI-USAGES Pourquoi devriez-vous nous choisir ? Voici quelques-uns des avantages de travailler avec notre entreprise DURABILIT\u00c9 Depuis 1980, notre entreprise a appris [&hellip;]","og_url":"https:\/\/reisatextil.com\/en\/fr\/home-fr\/","og_site_name":"Reisa Textil","article_modified_time":"2022-05-17T06:38:28+00:00","og_image":[{"width":2000,"height":1414,"url":"https:\/\/reisatextil.com\/wp-content\/uploads\/2022\/05\/Colchas-Multiusos-REISA-TEXTIL-SL.jpg","type":"image\/jpeg"}],"twitter_card":"summary_large_image","twitter_misc":{"Est. reading time":"2 minutes"},"schema":{"@context":"https:\/\/schema.org","@graph":[{"@type":"WebSite","@id":"https:\/\/reisatextil.com\/#website","url":"https:\/\/reisatextil.com\/","name":"Reisa Textil","description":"Colchas Multiusos para el hogar y textiles en general","potentialAction":[{"@type":"SearchAction","target":{"@type":"EntryPoint","urlTemplate":"https:\/\/reisatextil.com\/?s={search_term_string}"},"query-input":"required name=search_term_string"}],"inLanguage":"en-US"},{"@type":"ImageObject","@id":"https:\/\/reisatextil.com\/fr\/home-fr\/#primaryimage","inLanguage":"en-US","url":"https:\/\/reisatextil.com\/wp-content\/uploads\/2022\/05\/Colchas-Multiusos-REISA-TEXTIL-SL.jpg","contentUrl":"https:\/\/reisatextil.com\/wp-content\/uploads\/2022\/05\/Colchas-Multiusos-REISA-TEXTIL-SL.jpg","width":2000,"height":1414},{"@type":"WebPage","@id":"https:\/\/reisatextil.com\/fr\/home-fr\/#webpage","url":"https:\/\/reisatextil.com\/fr\/home-fr\/","name":"D\u00e9corez votre maison avec style - Reisa Textil","isPartOf":{"@id":"https:\/\/reisatextil.com\/#website"},"primaryImageOfPage":{"@id":"https:\/\/reisatextil.com\/fr\/home-fr\/#primaryimage"},"datePublished":"2022-05-16T11:40:43+00:00","dateModified":"2022-05-17T06:38:28+00:00","breadcrumb":{"@id":"https:\/\/reisatextil.com\/fr\/home-fr\/#breadcrumb"},"inLanguage":"en-US","potentialAction":[{"@type":"ReadAction","target":["https:\/\/reisatextil.com\/fr\/home-fr\/"]}]},{"@type":"BreadcrumbList","@id":"https:\/\/reisatextil.com\/fr\/home-fr\/#breadcrumb","itemListElement":[{"@type":"ListItem","position":1,"name":"Portada","item":"https:\/\/reisatextil.com\/"},{"@type":"ListItem","position":2,"name":"D\u00e9corez votre maison avec style"}]}]}},"_links":{"self":[{"href":"https:\/\/reisatextil.com\/en\/wp-json\/wp\/v2\/pages\/711","targetHints":{"allow":["GET"]}}],"collection":[{"href":"https:\/\/reisatextil.com\/en\/wp-json\/wp\/v2\/pages"}],"about":[{"href":"https:\/\/reisatextil.com\/en\/wp-json\/wp\/v2\/types\/page"}],"author":[{"embeddable":true,"href":"https:\/\/reisatextil.com\/en\/wp-json\/wp\/v2\/users\/3"}],"replies":[{"embeddable":true,"href":"https:\/\/reisatextil.com\/en\/wp-json\/wp\/v2\/comments?post=711"}],"version-history":[{"count":16,"href":"https:\/\/reisatextil.com\/en\/wp-json\/wp\/v2\/pages\/711\/revisions"}],"predecessor-version":[{"id":755,"href":"https:\/\/reisatextil.com\/en\/wp-json\/wp\/v2\/pages\/711\/revisions\/755"}],"wp:featuredmedia":[{"embeddable":true,"href":"https:\/\/reisatextil.com\/en\/wp-json\/wp\/v2\/media\/740"}],"wp:attachment":[{"href":"https:\/\/reisatextil.com\/en\/wp-json\/wp\/v2\/media?parent=711"}],"curies":[{"name":"wp","href":"https:\/\/api.w.org\/{rel}","templated":true}]}}