{"id":679,"date":"2022-05-16T10:41:17","date_gmt":"2022-05-16T10:41:17","guid":{"rendered":"https:\/\/reisatextil.com\/?page_id=679"},"modified":"2022-05-16T10:41:19","modified_gmt":"2022-05-16T10:41:19","slug":"sobre-nos","status":"publish","type":"page","link":"https:\/\/reisatextil.com\/en\/sobre-nos\/","title":{"rendered":"Sobre n\u00f3s"},"content":{"rendered":"<h2 class=\"has-text-align-center wp-block-heading\">A nossa hist\u00f3ria<\/h2>\n\n\n\n<blockquote class=\"wp-block-quote is-layout-flow wp-block-quote-is-layout-flow\"><p>  As esp\u00e9cies que sobrevivem n\u00e3o s\u00e3o as mais fortes, as mais r\u00e1pidas ou as mais inteligentes, mas as que melhor se adaptam \u00e0 mudan\u00e7a. <\/p><cite>Charles Darwin<\/cite><\/blockquote>\n\n\n\n<p>Somos uma empresa com mais de 40 anos no sector da produ\u00e7\u00e3o t\u00eaxtil.<\/p>\n\n\n\n<p>A nossa presen\u00e7a no sector t\u00eaxtil tem sido marcada ao longo dos anos pela nossa adaptabilidade em diferentes campos, tais como cal\u00e7ado, artigos de couro, publicidade t\u00eaxtil, tecidos especiais para seguran\u00e7a no trabalho, autom\u00f3vel, marchetaria, tingimento de gravatas, etc. Do mesmo modo, as mudan\u00e7as nos nossos tecidos, processos de fabrico e pol\u00edticas da empresa t\u00eam sido fundamentais para nos posicionar num enclave t\u00eaxtil que requer transforma\u00e7\u00f5es r\u00e1pidas.<\/p>\n\n\n\n<p>Somos especializados no fabrico de colchas multiusos para a casa, campo, praia, autom\u00f3vel, sof\u00e1s, poltronas, etc., bem como no fabrico de telas, suportes de estofos e tecidos em geral.<\/p>\n\n\n\n<p><\/p>\n\n\n\n<div class=\"wp-block-themeisle-blocks-advanced-columns has-1-columns has-desktop-equal-layout has-tablet-equal-layout has-mobile-equal-layout has-default-gap has-vertical-unset\" id=\"wp-block-themeisle-blocks-advanced-columns-7e04f290\"><div class=\"wp-block-themeisle-blocks-advanced-columns-overlay\"><\/div><div class=\"innerblocks-wrap\">\n<div class=\"wp-block-themeisle-blocks-advanced-column\" id=\"wp-block-themeisle-blocks-advanced-column-c56b1cdc\">\n<div class=\"aiovg-player-container\" style=\"max-width: 100%;\"><div class=\"aiovg-player aiovg-player-iframe\" style=\"padding-bottom: 56.25%;\" data-id=\"1\" data-src=\"https:\/\/reisatextil.com\/en\/player-embed\/id\/83\/\"><iframe loading=\"lazy\" width=\"560\" height=\"315\" src=\"https:\/\/reisatextil.com\/en\/player-embed\/id\/83\/\" frameborder=\"0\" scrolling=\"no\" allow=\"accelerometer; autoplay; encrypted-media; gyroscope; picture-in-picture\" webkitallowfullscreen mozallowfullscreen allowfullscreen><\/iframe><\/div><\/div>\n<\/div>\n<\/div><\/div>","protected":false},"excerpt":{"rendered":"<p>A nossa hist\u00f3ria As esp\u00e9cies que sobrevivem n\u00e3o s\u00e3o as mais fortes, as mais r\u00e1pidas ou as mais inteligentes, mas as que melhor se adaptam \u00e0 mudan\u00e7a. Charles Darwin Somos uma empresa com mais de 40 anos no sector da produ\u00e7\u00e3o t\u00eaxtil. A nossa presen\u00e7a no sector t\u00eaxtil tem sido [&hellip;]<\/p>","protected":false},"author":3,"featured_media":26,"parent":0,"menu_order":0,"comment_status":"closed","ping_status":"closed","template":"page-templates\/template-fullwidth.php","meta":{"footnotes":""},"class_list":["post-679","page","type-page","status-publish","has-post-thumbnail","hentry"],"yoast_head":"<!-- This site is optimized with the Yoast SEO plugin v18.4.1 - https:\/\/yoast.com\/wordpress\/plugins\/seo\/ -->\n<title>Sobre n\u00f3s - Reisa Textil<\/title>\n<meta name=\"robots\" content=\"index, follow, max-snippet:-1, max-image-preview:large, max-video-preview:-1\" \/>\n<link rel=\"canonical\" href=\"https:\/\/reisatextil.com\/en\/pt\/sobre-nos\/\" \/>\n<meta property=\"og:locale\" content=\"en_US\" \/>\n<meta property=\"og:type\" content=\"article\" \/>\n<meta property=\"og:title\" content=\"Sobre n\u00f3s - Reisa Textil\" \/>\n<meta property=\"og:description\" content=\"A nossa hist\u00f3ria As esp\u00e9cies que sobrevivem n\u00e3o s\u00e3o as mais fortes, as mais r\u00e1pidas ou as mais inteligentes, mas as que melhor se adaptam \u00e0 mudan\u00e7a. Charles Darwin Somos uma empresa com mais de 40 anos no sector da produ\u00e7\u00e3o t\u00eaxtil. A nossa presen\u00e7a no sector t\u00eaxtil tem sido [&hellip;]\" \/>\n<meta property=\"og:url\" content=\"https:\/\/reisatextil.com\/en\/pt\/sobre-nos\/\" \/>\n<meta property=\"og:site_name\" content=\"Reisa Textil\" \/>\n<meta property=\"article:modified_time\" content=\"2022-05-16T10:41:19+00:00\" \/>\n<meta property=\"og:image\" content=\"https:\/\/reisatextil.com\/wp-content\/uploads\/2020\/02\/Conos.jpg\" \/>\n\t<meta property=\"og:image:width\" content=\"1600\" \/>\n\t<meta property=\"og:image:height\" content=\"1066\" \/>\n\t<meta property=\"og:image:type\" content=\"image\/jpeg\" \/>\n<meta name=\"twitter:card\" content=\"summary_large_image\" \/>\n<meta name=\"twitter:label1\" content=\"Est. reading time\" \/>\n\t<meta name=\"twitter:data1\" content=\"1 minute\" \/>\n<script type=\"application\/ld+json\" class=\"yoast-schema-graph\">{\"@context\":\"https:\/\/schema.org\",\"@graph\":[{\"@type\":\"WebSite\",\"@id\":\"https:\/\/reisatextil.com\/#website\",\"url\":\"https:\/\/reisatextil.com\/\",\"name\":\"Reisa Textil\",\"description\":\"Colchas Multiusos para el hogar y textiles en general\",\"potentialAction\":[{\"@type\":\"SearchAction\",\"target\":{\"@type\":\"EntryPoint\",\"urlTemplate\":\"https:\/\/reisatextil.com\/?s={search_term_string}\"},\"query-input\":\"required name=search_term_string\"}],\"inLanguage\":\"en-US\"},{\"@type\":\"ImageObject\",\"@id\":\"https:\/\/reisatextil.com\/pt\/sobre-nos\/#primaryimage\",\"inLanguage\":\"en-US\",\"url\":\"https:\/\/reisatextil.com\/wp-content\/uploads\/2020\/02\/Conos.jpg\",\"contentUrl\":\"https:\/\/reisatextil.com\/wp-content\/uploads\/2020\/02\/Conos.jpg\",\"width\":1600,\"height\":1066},{\"@type\":\"WebPage\",\"@id\":\"https:\/\/reisatextil.com\/pt\/sobre-nos\/#webpage\",\"url\":\"https:\/\/reisatextil.com\/pt\/sobre-nos\/\",\"name\":\"Sobre n\u00f3s - Reisa Textil\",\"isPartOf\":{\"@id\":\"https:\/\/reisatextil.com\/#website\"},\"primaryImageOfPage\":{\"@id\":\"https:\/\/reisatextil.com\/pt\/sobre-nos\/#primaryimage\"},\"datePublished\":\"2022-05-16T10:41:17+00:00\",\"dateModified\":\"2022-05-16T10:41:19+00:00\",\"breadcrumb\":{\"@id\":\"https:\/\/reisatextil.com\/pt\/sobre-nos\/#breadcrumb\"},\"inLanguage\":\"en-US\",\"potentialAction\":[{\"@type\":\"ReadAction\",\"target\":[\"https:\/\/reisatextil.com\/pt\/sobre-nos\/\"]}]},{\"@type\":\"BreadcrumbList\",\"@id\":\"https:\/\/reisatextil.com\/pt\/sobre-nos\/#breadcrumb\",\"itemListElement\":[{\"@type\":\"ListItem\",\"position\":1,\"name\":\"Portada\",\"item\":\"https:\/\/reisatextil.com\/\"},{\"@type\":\"ListItem\",\"position\":2,\"name\":\"Sobre n\u00f3s\"}]}]}<\/script>\n<!-- \/ Yoast SEO plugin. -->","yoast_head_json":{"title":"Sobre n\u00f3s - Reisa Textil","robots":{"index":"index","follow":"follow","max-snippet":"max-snippet:-1","max-image-preview":"max-image-preview:large","max-video-preview":"max-video-preview:-1"},"canonical":"https:\/\/reisatextil.com\/en\/pt\/sobre-nos\/","og_locale":"en_US","og_type":"article","og_title":"Sobre n\u00f3s - Reisa Textil","og_description":"A nossa hist\u00f3ria As esp\u00e9cies que sobrevivem n\u00e3o s\u00e3o as mais fortes, as mais r\u00e1pidas ou as mais inteligentes, mas as que melhor se adaptam \u00e0 mudan\u00e7a. Charles Darwin Somos uma empresa com mais de 40 anos no sector da produ\u00e7\u00e3o t\u00eaxtil. A nossa presen\u00e7a no sector t\u00eaxtil tem sido [&hellip;]","og_url":"https:\/\/reisatextil.com\/en\/pt\/sobre-nos\/","og_site_name":"Reisa Textil","article_modified_time":"2022-05-16T10:41:19+00:00","og_image":[{"width":1600,"height":1066,"url":"https:\/\/reisatextil.com\/wp-content\/uploads\/2020\/02\/Conos.jpg","type":"image\/jpeg"}],"twitter_card":"summary_large_image","twitter_misc":{"Est. reading time":"1 minute"},"schema":{"@context":"https:\/\/schema.org","@graph":[{"@type":"WebSite","@id":"https:\/\/reisatextil.com\/#website","url":"https:\/\/reisatextil.com\/","name":"Reisa Textil","description":"Colchas Multiusos para el hogar y textiles en general","potentialAction":[{"@type":"SearchAction","target":{"@type":"EntryPoint","urlTemplate":"https:\/\/reisatextil.com\/?s={search_term_string}"},"query-input":"required name=search_term_string"}],"inLanguage":"en-US"},{"@type":"ImageObject","@id":"https:\/\/reisatextil.com\/pt\/sobre-nos\/#primaryimage","inLanguage":"en-US","url":"https:\/\/reisatextil.com\/wp-content\/uploads\/2020\/02\/Conos.jpg","contentUrl":"https:\/\/reisatextil.com\/wp-content\/uploads\/2020\/02\/Conos.jpg","width":1600,"height":1066},{"@type":"WebPage","@id":"https:\/\/reisatextil.com\/pt\/sobre-nos\/#webpage","url":"https:\/\/reisatextil.com\/pt\/sobre-nos\/","name":"Sobre n\u00f3s - Reisa Textil","isPartOf":{"@id":"https:\/\/reisatextil.com\/#website"},"primaryImageOfPage":{"@id":"https:\/\/reisatextil.com\/pt\/sobre-nos\/#primaryimage"},"datePublished":"2022-05-16T10:41:17+00:00","dateModified":"2022-05-16T10:41:19+00:00","breadcrumb":{"@id":"https:\/\/reisatextil.com\/pt\/sobre-nos\/#breadcrumb"},"inLanguage":"en-US","potentialAction":[{"@type":"ReadAction","target":["https:\/\/reisatextil.com\/pt\/sobre-nos\/"]}]},{"@type":"BreadcrumbList","@id":"https:\/\/reisatextil.com\/pt\/sobre-nos\/#breadcrumb","itemListElement":[{"@type":"ListItem","position":1,"name":"Portada","item":"https:\/\/reisatextil.com\/"},{"@type":"ListItem","position":2,"name":"Sobre n\u00f3s"}]}]}},"_links":{"self":[{"href":"https:\/\/reisatextil.com\/en\/wp-json\/wp\/v2\/pages\/679","targetHints":{"allow":["GET"]}}],"collection":[{"href":"https:\/\/reisatextil.com\/en\/wp-json\/wp\/v2\/pages"}],"about":[{"href":"https:\/\/reisatextil.com\/en\/wp-json\/wp\/v2\/types\/page"}],"author":[{"embeddable":true,"href":"https:\/\/reisatextil.com\/en\/wp-json\/wp\/v2\/users\/3"}],"replies":[{"embeddable":true,"href":"https:\/\/reisatextil.com\/en\/wp-json\/wp\/v2\/comments?post=679"}],"version-history":[{"count":1,"href":"https:\/\/reisatextil.com\/en\/wp-json\/wp\/v2\/pages\/679\/revisions"}],"predecessor-version":[{"id":681,"href":"https:\/\/reisatextil.com\/en\/wp-json\/wp\/v2\/pages\/679\/revisions\/681"}],"wp:featuredmedia":[{"embeddable":true,"href":"https:\/\/reisatextil.com\/en\/wp-json\/wp\/v2\/media\/26"}],"wp:attachment":[{"href":"https:\/\/reisatextil.com\/en\/wp-json\/wp\/v2\/media?parent=679"}],"curies":[{"name":"wp","href":"https:\/\/api.w.org\/{rel}","templated":true}]}}