{"id":673,"date":"2022-05-16T10:35:04","date_gmt":"2022-05-16T10:35:04","guid":{"rendered":"https:\/\/reisatextil.com\/?page_id=673"},"modified":"2022-05-16T10:35:06","modified_gmt":"2022-05-16T10:35:06","slug":"chi-siamo","status":"publish","type":"page","link":"https:\/\/reisatextil.com\/en\/chi-siamo\/","title":{"rendered":"Chi siamo"},"content":{"rendered":"<h2 class=\"has-text-align-center wp-block-heading\">La nostra storia<\/h2>\n\n\n\n<blockquote class=\"wp-block-quote is-layout-flow wp-block-quote-is-layout-flow\"><p>Le specie che sopravvivono non sono le pi\u00f9 forti, le pi\u00f9 veloci o le pi\u00f9 intelligenti, ma quelle che si adattano meglio al cambiamento.<\/p><cite>Charles Darwin<\/cite><\/blockquote>\n\n\n\n<p>Siamo un&#8217;azienda che opera da oltre 40 anni nel settore della produzione tessile.<\/p>\n\n\n\n<p>La nostra presenza nel settore tessile \u00e8 stata segnata nel corso degli anni dalla nostra adattabilit\u00e0 in diversi campi, quali calzature, pelletteria, pubblicit\u00e0 tessile, tessuti speciali per la sicurezza sul lavoro, automotive, intarsio, tintura, ecc. Allo stesso modo, i cambiamenti nei tessuti, nei processi produttivi e nelle politiche aziendali sono stati fondamentali per posizionarci in un&#8217;enclave tessile che richiede trasformazioni rapide.<\/p>\n\n\n\n<p>Siamo specializzati nella produzione di copriletti multiuso per la casa, la campagna, la spiaggia, l&#8217;automobile, divani, poltrone, ecc. e nella produzione di tele, supporti per tappezzeria e tessuti in generale.<\/p>\n\n\n\n<p><\/p>\n\n\n\n<div class=\"wp-block-themeisle-blocks-advanced-columns has-1-columns has-desktop-equal-layout has-tablet-equal-layout has-mobile-equal-layout has-default-gap has-vertical-unset\" id=\"wp-block-themeisle-blocks-advanced-columns-7e04f290\"><div class=\"wp-block-themeisle-blocks-advanced-columns-overlay\"><\/div><div class=\"innerblocks-wrap\">\n<div class=\"wp-block-themeisle-blocks-advanced-column\" id=\"wp-block-themeisle-blocks-advanced-column-c56b1cdc\">\n<div class=\"aiovg-player-container\" style=\"max-width: 100%;\"><div class=\"aiovg-player aiovg-player-iframe\" style=\"padding-bottom: 56.25%;\" data-id=\"1\" data-src=\"https:\/\/reisatextil.com\/en\/player-embed\/id\/83\/\"><iframe loading=\"lazy\" width=\"560\" height=\"315\" src=\"https:\/\/reisatextil.com\/en\/player-embed\/id\/83\/\" frameborder=\"0\" scrolling=\"no\" allow=\"accelerometer; autoplay; encrypted-media; gyroscope; picture-in-picture\" webkitallowfullscreen mozallowfullscreen allowfullscreen><\/iframe><\/div><\/div>\n<\/div>\n<\/div><\/div>","protected":false},"excerpt":{"rendered":"<p>La nostra storia Le specie che sopravvivono non sono le pi\u00f9 forti, le pi\u00f9 veloci o le pi\u00f9 intelligenti, ma quelle che si adattano meglio al cambiamento. Charles Darwin Siamo un&#8217;azienda che opera da oltre 40 anni nel settore della produzione tessile. La nostra presenza nel settore tessile \u00e8 stata [&hellip;]<\/p>","protected":false},"author":3,"featured_media":26,"parent":0,"menu_order":0,"comment_status":"closed","ping_status":"closed","template":"page-templates\/template-fullwidth.php","meta":{"footnotes":""},"class_list":["post-673","page","type-page","status-publish","has-post-thumbnail","hentry"],"yoast_head":"<!-- This site is optimized with the Yoast SEO plugin v18.4.1 - https:\/\/yoast.com\/wordpress\/plugins\/seo\/ -->\n<title>Chi siamo - Reisa Textil<\/title>\n<meta name=\"robots\" content=\"index, follow, max-snippet:-1, max-image-preview:large, max-video-preview:-1\" \/>\n<link rel=\"canonical\" href=\"https:\/\/reisatextil.com\/en\/it\/chi-siamo\/\" \/>\n<meta property=\"og:locale\" content=\"en_US\" \/>\n<meta property=\"og:type\" content=\"article\" \/>\n<meta property=\"og:title\" content=\"Chi siamo - Reisa Textil\" \/>\n<meta property=\"og:description\" content=\"La nostra storia Le specie che sopravvivono non sono le pi\u00f9 forti, le pi\u00f9 veloci o le pi\u00f9 intelligenti, ma quelle che si adattano meglio al cambiamento. Charles Darwin Siamo un&#8217;azienda che opera da oltre 40 anni nel settore della produzione tessile. La nostra presenza nel settore tessile \u00e8 stata [&hellip;]\" \/>\n<meta property=\"og:url\" content=\"https:\/\/reisatextil.com\/en\/it\/chi-siamo\/\" \/>\n<meta property=\"og:site_name\" content=\"Reisa Textil\" \/>\n<meta property=\"article:modified_time\" content=\"2022-05-16T10:35:06+00:00\" \/>\n<meta property=\"og:image\" content=\"https:\/\/reisatextil.com\/wp-content\/uploads\/2020\/02\/Conos.jpg\" \/>\n\t<meta property=\"og:image:width\" content=\"1600\" \/>\n\t<meta property=\"og:image:height\" content=\"1066\" \/>\n\t<meta property=\"og:image:type\" content=\"image\/jpeg\" \/>\n<meta name=\"twitter:card\" content=\"summary_large_image\" \/>\n<meta name=\"twitter:label1\" content=\"Est. reading time\" \/>\n\t<meta name=\"twitter:data1\" content=\"1 minute\" \/>\n<script type=\"application\/ld+json\" class=\"yoast-schema-graph\">{\"@context\":\"https:\/\/schema.org\",\"@graph\":[{\"@type\":\"WebSite\",\"@id\":\"https:\/\/reisatextil.com\/#website\",\"url\":\"https:\/\/reisatextil.com\/\",\"name\":\"Reisa Textil\",\"description\":\"Colchas Multiusos para el hogar y textiles en general\",\"potentialAction\":[{\"@type\":\"SearchAction\",\"target\":{\"@type\":\"EntryPoint\",\"urlTemplate\":\"https:\/\/reisatextil.com\/?s={search_term_string}\"},\"query-input\":\"required name=search_term_string\"}],\"inLanguage\":\"en-US\"},{\"@type\":\"ImageObject\",\"@id\":\"https:\/\/reisatextil.com\/it\/chi-siamo\/#primaryimage\",\"inLanguage\":\"en-US\",\"url\":\"https:\/\/reisatextil.com\/wp-content\/uploads\/2020\/02\/Conos.jpg\",\"contentUrl\":\"https:\/\/reisatextil.com\/wp-content\/uploads\/2020\/02\/Conos.jpg\",\"width\":1600,\"height\":1066},{\"@type\":\"WebPage\",\"@id\":\"https:\/\/reisatextil.com\/it\/chi-siamo\/#webpage\",\"url\":\"https:\/\/reisatextil.com\/it\/chi-siamo\/\",\"name\":\"Chi siamo - Reisa Textil\",\"isPartOf\":{\"@id\":\"https:\/\/reisatextil.com\/#website\"},\"primaryImageOfPage\":{\"@id\":\"https:\/\/reisatextil.com\/it\/chi-siamo\/#primaryimage\"},\"datePublished\":\"2022-05-16T10:35:04+00:00\",\"dateModified\":\"2022-05-16T10:35:06+00:00\",\"breadcrumb\":{\"@id\":\"https:\/\/reisatextil.com\/it\/chi-siamo\/#breadcrumb\"},\"inLanguage\":\"en-US\",\"potentialAction\":[{\"@type\":\"ReadAction\",\"target\":[\"https:\/\/reisatextil.com\/it\/chi-siamo\/\"]}]},{\"@type\":\"BreadcrumbList\",\"@id\":\"https:\/\/reisatextil.com\/it\/chi-siamo\/#breadcrumb\",\"itemListElement\":[{\"@type\":\"ListItem\",\"position\":1,\"name\":\"Portada\",\"item\":\"https:\/\/reisatextil.com\/\"},{\"@type\":\"ListItem\",\"position\":2,\"name\":\"Chi siamo\"}]}]}<\/script>\n<!-- \/ Yoast SEO plugin. -->","yoast_head_json":{"title":"Chi siamo - Reisa Textil","robots":{"index":"index","follow":"follow","max-snippet":"max-snippet:-1","max-image-preview":"max-image-preview:large","max-video-preview":"max-video-preview:-1"},"canonical":"https:\/\/reisatextil.com\/en\/it\/chi-siamo\/","og_locale":"en_US","og_type":"article","og_title":"Chi siamo - Reisa Textil","og_description":"La nostra storia Le specie che sopravvivono non sono le pi\u00f9 forti, le pi\u00f9 veloci o le pi\u00f9 intelligenti, ma quelle che si adattano meglio al cambiamento. Charles Darwin Siamo un&#8217;azienda che opera da oltre 40 anni nel settore della produzione tessile. La nostra presenza nel settore tessile \u00e8 stata [&hellip;]","og_url":"https:\/\/reisatextil.com\/en\/it\/chi-siamo\/","og_site_name":"Reisa Textil","article_modified_time":"2022-05-16T10:35:06+00:00","og_image":[{"width":1600,"height":1066,"url":"https:\/\/reisatextil.com\/wp-content\/uploads\/2020\/02\/Conos.jpg","type":"image\/jpeg"}],"twitter_card":"summary_large_image","twitter_misc":{"Est. reading time":"1 minute"},"schema":{"@context":"https:\/\/schema.org","@graph":[{"@type":"WebSite","@id":"https:\/\/reisatextil.com\/#website","url":"https:\/\/reisatextil.com\/","name":"Reisa Textil","description":"Colchas Multiusos para el hogar y textiles en general","potentialAction":[{"@type":"SearchAction","target":{"@type":"EntryPoint","urlTemplate":"https:\/\/reisatextil.com\/?s={search_term_string}"},"query-input":"required name=search_term_string"}],"inLanguage":"en-US"},{"@type":"ImageObject","@id":"https:\/\/reisatextil.com\/it\/chi-siamo\/#primaryimage","inLanguage":"en-US","url":"https:\/\/reisatextil.com\/wp-content\/uploads\/2020\/02\/Conos.jpg","contentUrl":"https:\/\/reisatextil.com\/wp-content\/uploads\/2020\/02\/Conos.jpg","width":1600,"height":1066},{"@type":"WebPage","@id":"https:\/\/reisatextil.com\/it\/chi-siamo\/#webpage","url":"https:\/\/reisatextil.com\/it\/chi-siamo\/","name":"Chi siamo - Reisa Textil","isPartOf":{"@id":"https:\/\/reisatextil.com\/#website"},"primaryImageOfPage":{"@id":"https:\/\/reisatextil.com\/it\/chi-siamo\/#primaryimage"},"datePublished":"2022-05-16T10:35:04+00:00","dateModified":"2022-05-16T10:35:06+00:00","breadcrumb":{"@id":"https:\/\/reisatextil.com\/it\/chi-siamo\/#breadcrumb"},"inLanguage":"en-US","potentialAction":[{"@type":"ReadAction","target":["https:\/\/reisatextil.com\/it\/chi-siamo\/"]}]},{"@type":"BreadcrumbList","@id":"https:\/\/reisatextil.com\/it\/chi-siamo\/#breadcrumb","itemListElement":[{"@type":"ListItem","position":1,"name":"Portada","item":"https:\/\/reisatextil.com\/"},{"@type":"ListItem","position":2,"name":"Chi siamo"}]}]}},"_links":{"self":[{"href":"https:\/\/reisatextil.com\/en\/wp-json\/wp\/v2\/pages\/673","targetHints":{"allow":["GET"]}}],"collection":[{"href":"https:\/\/reisatextil.com\/en\/wp-json\/wp\/v2\/pages"}],"about":[{"href":"https:\/\/reisatextil.com\/en\/wp-json\/wp\/v2\/types\/page"}],"author":[{"embeddable":true,"href":"https:\/\/reisatextil.com\/en\/wp-json\/wp\/v2\/users\/3"}],"replies":[{"embeddable":true,"href":"https:\/\/reisatextil.com\/en\/wp-json\/wp\/v2\/comments?post=673"}],"version-history":[{"count":1,"href":"https:\/\/reisatextil.com\/en\/wp-json\/wp\/v2\/pages\/673\/revisions"}],"predecessor-version":[{"id":674,"href":"https:\/\/reisatextil.com\/en\/wp-json\/wp\/v2\/pages\/673\/revisions\/674"}],"wp:featuredmedia":[{"embeddable":true,"href":"https:\/\/reisatextil.com\/en\/wp-json\/wp\/v2\/media\/26"}],"wp:attachment":[{"href":"https:\/\/reisatextil.com\/en\/wp-json\/wp\/v2\/media?parent=673"}],"curies":[{"name":"wp","href":"https:\/\/api.w.org\/{rel}","templated":true}]}}