{"id":671,"date":"2022-05-16T10:32:35","date_gmt":"2022-05-16T10:32:35","guid":{"rendered":"https:\/\/reisatextil.com\/?page_id=671"},"modified":"2022-05-16T10:32:37","modified_gmt":"2022-05-16T10:32:37","slug":"a-propos-de-nous","status":"publish","type":"page","link":"https:\/\/reisatextil.com\/en\/a-propos-de-nous\/","title":{"rendered":"A propos de nous"},"content":{"rendered":"<h2 class=\"has-text-align-center wp-block-heading\">Notre histoire<\/h2>\n\n\n\n<blockquote class=\"wp-block-quote is-layout-flow wp-block-quote-is-layout-flow\"><p>Les esp\u00e8ces qui survivent ne sont pas les plus fortes, les plus rapides ou les plus intelligentes, mais celles qui sont le mieux adapt\u00e9es au changement.<\/p><cite>Charles Darwin<\/cite><\/blockquote>\n\n\n\n<p>Nous sommes une entreprise qui compte plus de 40 ans d&#8217;exp\u00e9rience dans le secteur de la fabrication de textiles.<\/p>\n\n\n\n<p>Notre pr\u00e9sence dans le secteur textile a \u00e9t\u00e9 marqu\u00e9e au fil des ans par notre capacit\u00e9 d&#8217;adaptation dans diff\u00e9rents domaines tels que la chaussure, la maroquinerie, la publicit\u00e9 textile, les tissus sp\u00e9ciaux pour la s\u00e9curit\u00e9 au travail, l&#8217;automobile, la marqueterie, le tie-dyeing, etc. De m\u00eame, les changements apport\u00e9s \u00e0 nos tissus, \u00e0 nos processus de fabrication et \u00e0 nos politiques d&#8217;entreprise ont \u00e9t\u00e9 essentiels pour nous positionner dans une enclave textile qui exige des transformations rapides.<\/p>\n\n\n\n<p>Nous sommes sp\u00e9cialis\u00e9s dans la fabrication de couvre-lits polyvalents pour la maison, la campagne, la plage, l&#8217;automobile, les canap\u00e9s, les fauteuils, etc., ainsi que dans la fabrication de toiles, de supports de tapisserie et de tissus en g\u00e9n\u00e9ral.<\/p>\n\n\n\n<p><\/p>\n\n\n\n<div class=\"wp-block-themeisle-blocks-advanced-columns has-1-columns has-desktop-equal-layout has-tablet-equal-layout has-mobile-equal-layout has-default-gap has-vertical-unset\" id=\"wp-block-themeisle-blocks-advanced-columns-7e04f290\"><div class=\"wp-block-themeisle-blocks-advanced-columns-overlay\"><\/div><div class=\"innerblocks-wrap\">\n<div class=\"wp-block-themeisle-blocks-advanced-column\" id=\"wp-block-themeisle-blocks-advanced-column-c56b1cdc\">\n<div class=\"aiovg-player-container\" style=\"max-width: 100%;\"><div class=\"aiovg-player aiovg-player-iframe\" style=\"padding-bottom: 56.25%;\" data-id=\"1\" data-src=\"https:\/\/reisatextil.com\/en\/player-embed\/id\/83\/\"><iframe loading=\"lazy\" width=\"560\" height=\"315\" src=\"https:\/\/reisatextil.com\/en\/player-embed\/id\/83\/\" frameborder=\"0\" scrolling=\"no\" allow=\"accelerometer; autoplay; encrypted-media; gyroscope; picture-in-picture\" webkitallowfullscreen mozallowfullscreen allowfullscreen><\/iframe><\/div><\/div>\n<\/div>\n<\/div><\/div>","protected":false},"excerpt":{"rendered":"<p>Notre histoire Les esp\u00e8ces qui survivent ne sont pas les plus fortes, les plus rapides ou les plus intelligentes, mais celles qui sont le mieux adapt\u00e9es au changement. Charles Darwin Nous sommes une entreprise qui compte plus de 40 ans d&#8217;exp\u00e9rience dans le secteur de la fabrication de textiles. Notre [&hellip;]<\/p>","protected":false},"author":3,"featured_media":26,"parent":0,"menu_order":0,"comment_status":"closed","ping_status":"closed","template":"page-templates\/template-fullwidth.php","meta":{"footnotes":""},"class_list":["post-671","page","type-page","status-publish","has-post-thumbnail","hentry"],"yoast_head":"<!-- This site is optimized with the Yoast SEO plugin v18.4.1 - https:\/\/yoast.com\/wordpress\/plugins\/seo\/ -->\n<title>A propos de nous - Reisa Textil<\/title>\n<meta name=\"robots\" content=\"index, follow, max-snippet:-1, max-image-preview:large, max-video-preview:-1\" \/>\n<link rel=\"canonical\" href=\"https:\/\/reisatextil.com\/en\/fr\/a-propos-de-nous\/\" \/>\n<meta property=\"og:locale\" content=\"en_US\" \/>\n<meta property=\"og:type\" content=\"article\" \/>\n<meta property=\"og:title\" content=\"A propos de nous - Reisa Textil\" \/>\n<meta property=\"og:description\" content=\"Notre histoire Les esp\u00e8ces qui survivent ne sont pas les plus fortes, les plus rapides ou les plus intelligentes, mais celles qui sont le mieux adapt\u00e9es au changement. Charles Darwin Nous sommes une entreprise qui compte plus de 40 ans d&#8217;exp\u00e9rience dans le secteur de la fabrication de textiles. Notre [&hellip;]\" \/>\n<meta property=\"og:url\" content=\"https:\/\/reisatextil.com\/en\/fr\/a-propos-de-nous\/\" \/>\n<meta property=\"og:site_name\" content=\"Reisa Textil\" \/>\n<meta property=\"article:modified_time\" content=\"2022-05-16T10:32:37+00:00\" \/>\n<meta property=\"og:image\" content=\"https:\/\/reisatextil.com\/wp-content\/uploads\/2020\/02\/Conos.jpg\" \/>\n\t<meta property=\"og:image:width\" content=\"1600\" \/>\n\t<meta property=\"og:image:height\" content=\"1066\" \/>\n\t<meta property=\"og:image:type\" content=\"image\/jpeg\" \/>\n<meta name=\"twitter:card\" content=\"summary_large_image\" \/>\n<meta name=\"twitter:label1\" content=\"Est. reading time\" \/>\n\t<meta name=\"twitter:data1\" content=\"1 minute\" \/>\n<script type=\"application\/ld+json\" class=\"yoast-schema-graph\">{\"@context\":\"https:\/\/schema.org\",\"@graph\":[{\"@type\":\"WebSite\",\"@id\":\"https:\/\/reisatextil.com\/#website\",\"url\":\"https:\/\/reisatextil.com\/\",\"name\":\"Reisa Textil\",\"description\":\"Colchas Multiusos para el hogar y textiles en general\",\"potentialAction\":[{\"@type\":\"SearchAction\",\"target\":{\"@type\":\"EntryPoint\",\"urlTemplate\":\"https:\/\/reisatextil.com\/?s={search_term_string}\"},\"query-input\":\"required name=search_term_string\"}],\"inLanguage\":\"en-US\"},{\"@type\":\"ImageObject\",\"@id\":\"https:\/\/reisatextil.com\/fr\/a-propos-de-nous\/#primaryimage\",\"inLanguage\":\"en-US\",\"url\":\"https:\/\/reisatextil.com\/wp-content\/uploads\/2020\/02\/Conos.jpg\",\"contentUrl\":\"https:\/\/reisatextil.com\/wp-content\/uploads\/2020\/02\/Conos.jpg\",\"width\":1600,\"height\":1066},{\"@type\":\"WebPage\",\"@id\":\"https:\/\/reisatextil.com\/fr\/a-propos-de-nous\/#webpage\",\"url\":\"https:\/\/reisatextil.com\/fr\/a-propos-de-nous\/\",\"name\":\"A propos de nous - Reisa Textil\",\"isPartOf\":{\"@id\":\"https:\/\/reisatextil.com\/#website\"},\"primaryImageOfPage\":{\"@id\":\"https:\/\/reisatextil.com\/fr\/a-propos-de-nous\/#primaryimage\"},\"datePublished\":\"2022-05-16T10:32:35+00:00\",\"dateModified\":\"2022-05-16T10:32:37+00:00\",\"breadcrumb\":{\"@id\":\"https:\/\/reisatextil.com\/fr\/a-propos-de-nous\/#breadcrumb\"},\"inLanguage\":\"en-US\",\"potentialAction\":[{\"@type\":\"ReadAction\",\"target\":[\"https:\/\/reisatextil.com\/fr\/a-propos-de-nous\/\"]}]},{\"@type\":\"BreadcrumbList\",\"@id\":\"https:\/\/reisatextil.com\/fr\/a-propos-de-nous\/#breadcrumb\",\"itemListElement\":[{\"@type\":\"ListItem\",\"position\":1,\"name\":\"Portada\",\"item\":\"https:\/\/reisatextil.com\/\"},{\"@type\":\"ListItem\",\"position\":2,\"name\":\"A propos de nous\"}]}]}<\/script>\n<!-- \/ Yoast SEO plugin. -->","yoast_head_json":{"title":"A propos de nous - Reisa Textil","robots":{"index":"index","follow":"follow","max-snippet":"max-snippet:-1","max-image-preview":"max-image-preview:large","max-video-preview":"max-video-preview:-1"},"canonical":"https:\/\/reisatextil.com\/en\/fr\/a-propos-de-nous\/","og_locale":"en_US","og_type":"article","og_title":"A propos de nous - Reisa Textil","og_description":"Notre histoire Les esp\u00e8ces qui survivent ne sont pas les plus fortes, les plus rapides ou les plus intelligentes, mais celles qui sont le mieux adapt\u00e9es au changement. Charles Darwin Nous sommes une entreprise qui compte plus de 40 ans d&#8217;exp\u00e9rience dans le secteur de la fabrication de textiles. Notre [&hellip;]","og_url":"https:\/\/reisatextil.com\/en\/fr\/a-propos-de-nous\/","og_site_name":"Reisa Textil","article_modified_time":"2022-05-16T10:32:37+00:00","og_image":[{"width":1600,"height":1066,"url":"https:\/\/reisatextil.com\/wp-content\/uploads\/2020\/02\/Conos.jpg","type":"image\/jpeg"}],"twitter_card":"summary_large_image","twitter_misc":{"Est. reading time":"1 minute"},"schema":{"@context":"https:\/\/schema.org","@graph":[{"@type":"WebSite","@id":"https:\/\/reisatextil.com\/#website","url":"https:\/\/reisatextil.com\/","name":"Reisa Textil","description":"Colchas Multiusos para el hogar y textiles en general","potentialAction":[{"@type":"SearchAction","target":{"@type":"EntryPoint","urlTemplate":"https:\/\/reisatextil.com\/?s={search_term_string}"},"query-input":"required name=search_term_string"}],"inLanguage":"en-US"},{"@type":"ImageObject","@id":"https:\/\/reisatextil.com\/fr\/a-propos-de-nous\/#primaryimage","inLanguage":"en-US","url":"https:\/\/reisatextil.com\/wp-content\/uploads\/2020\/02\/Conos.jpg","contentUrl":"https:\/\/reisatextil.com\/wp-content\/uploads\/2020\/02\/Conos.jpg","width":1600,"height":1066},{"@type":"WebPage","@id":"https:\/\/reisatextil.com\/fr\/a-propos-de-nous\/#webpage","url":"https:\/\/reisatextil.com\/fr\/a-propos-de-nous\/","name":"A propos de nous - Reisa Textil","isPartOf":{"@id":"https:\/\/reisatextil.com\/#website"},"primaryImageOfPage":{"@id":"https:\/\/reisatextil.com\/fr\/a-propos-de-nous\/#primaryimage"},"datePublished":"2022-05-16T10:32:35+00:00","dateModified":"2022-05-16T10:32:37+00:00","breadcrumb":{"@id":"https:\/\/reisatextil.com\/fr\/a-propos-de-nous\/#breadcrumb"},"inLanguage":"en-US","potentialAction":[{"@type":"ReadAction","target":["https:\/\/reisatextil.com\/fr\/a-propos-de-nous\/"]}]},{"@type":"BreadcrumbList","@id":"https:\/\/reisatextil.com\/fr\/a-propos-de-nous\/#breadcrumb","itemListElement":[{"@type":"ListItem","position":1,"name":"Portada","item":"https:\/\/reisatextil.com\/"},{"@type":"ListItem","position":2,"name":"A propos de nous"}]}]}},"_links":{"self":[{"href":"https:\/\/reisatextil.com\/en\/wp-json\/wp\/v2\/pages\/671","targetHints":{"allow":["GET"]}}],"collection":[{"href":"https:\/\/reisatextil.com\/en\/wp-json\/wp\/v2\/pages"}],"about":[{"href":"https:\/\/reisatextil.com\/en\/wp-json\/wp\/v2\/types\/page"}],"author":[{"embeddable":true,"href":"https:\/\/reisatextil.com\/en\/wp-json\/wp\/v2\/users\/3"}],"replies":[{"embeddable":true,"href":"https:\/\/reisatextil.com\/en\/wp-json\/wp\/v2\/comments?post=671"}],"version-history":[{"count":1,"href":"https:\/\/reisatextil.com\/en\/wp-json\/wp\/v2\/pages\/671\/revisions"}],"predecessor-version":[{"id":672,"href":"https:\/\/reisatextil.com\/en\/wp-json\/wp\/v2\/pages\/671\/revisions\/672"}],"wp:featuredmedia":[{"embeddable":true,"href":"https:\/\/reisatextil.com\/en\/wp-json\/wp\/v2\/media\/26"}],"wp:attachment":[{"href":"https:\/\/reisatextil.com\/en\/wp-json\/wp\/v2\/media?parent=671"}],"curies":[{"name":"wp","href":"https:\/\/api.w.org\/{rel}","templated":true}]}}