{"id":575,"date":"2022-01-14T09:44:57","date_gmt":"2022-01-14T09:44:57","guid":{"rendered":"https:\/\/reisatextil.com\/fabricantes-de-colchas-multiusos-francais\/"},"modified":"2022-04-20T09:31:21","modified_gmt":"2022-04-20T09:31:21","slug":"fabricantes-de-colchas-multiusos-francais","status":"publish","type":"page","link":"https:\/\/reisatextil.com\/en\/fabricantes-de-colchas-multiusos-francais\/","title":{"rendered":"Fabricants de courtepointes polyvalents"},"content":{"rendered":"<p>Nous sommes sp\u00e9cialis\u00e9s dans la fabrication de couvre-lits polyvalents pour la maison, la campagne, la plage, la voiture, les canap\u00e9s, les fauteuils, etc., ainsi que dans la fabrication de toiles, de supports de rembourrage et de tissus en g\u00e9n\u00e9ral.<div class=\"aiovg-player-container\" style=\"max-width: 100%;\"><div class=\"aiovg-player aiovg-player-iframe\" style=\"padding-bottom: 56.25%;\" data-id=\"1\" data-src=\"https:\/\/reisatextil.com\/en\/player-embed\/id\/83\/\"><iframe loading=\"lazy\" width=\"560\" height=\"315\" src=\"https:\/\/reisatextil.com\/en\/player-embed\/id\/83\/\" frameborder=\"0\" scrolling=\"no\" allow=\"accelerometer; autoplay; encrypted-media; gyroscope; picture-in-picture\" webkitallowfullscreen mozallowfullscreen allowfullscreen><\/iframe><\/div><\/div><\/p>","protected":false},"excerpt":{"rendered":"<p>Nous sommes sp\u00e9cialis\u00e9s dans la fabrication de couvre-lits polyvalents pour la maison, la campagne, la plage, la voiture, les canap\u00e9s, les fauteuils, etc., ainsi que dans la fabrication de toiles, de supports de rembourrage et de tissus en g\u00e9n\u00e9ral.<\/p>","protected":false},"author":1,"featured_media":0,"parent":0,"menu_order":0,"comment_status":"closed","ping_status":"closed","template":"","meta":{"footnotes":""},"class_list":["post-575","page","type-page","status-publish","hentry"],"yoast_head":"<!-- This site is optimized with the Yoast SEO plugin v18.4.1 - https:\/\/yoast.com\/wordpress\/plugins\/seo\/ -->\n<title>Fabricants de courtepointes polyvalents - Reisa Textil<\/title>\n<meta name=\"robots\" content=\"index, follow, max-snippet:-1, max-image-preview:large, max-video-preview:-1\" \/>\n<link rel=\"canonical\" href=\"https:\/\/reisatextil.com\/en\/fr\/fabricantes-de-colchas-multiusos-francais\/\" \/>\n<meta property=\"og:locale\" content=\"en_US\" \/>\n<meta property=\"og:type\" content=\"article\" \/>\n<meta property=\"og:title\" content=\"Fabricants de courtepointes polyvalents - Reisa Textil\" \/>\n<meta property=\"og:description\" content=\"Nous sommes sp\u00e9cialis\u00e9s dans la fabrication de couvre-lits polyvalents pour la maison, la campagne, la plage, la voiture, les canap\u00e9s, les fauteuils, etc., ainsi que dans la fabrication de toiles, de supports de rembourrage et de tissus en g\u00e9n\u00e9ral.\" \/>\n<meta property=\"og:url\" content=\"https:\/\/reisatextil.com\/en\/fr\/fabricantes-de-colchas-multiusos-francais\/\" \/>\n<meta property=\"og:site_name\" content=\"Reisa Textil\" \/>\n<meta property=\"article:modified_time\" content=\"2022-04-20T09:31:21+00:00\" \/>\n<meta name=\"twitter:card\" content=\"summary_large_image\" \/>\n<meta name=\"twitter:label1\" content=\"Est. reading time\" \/>\n\t<meta name=\"twitter:data1\" content=\"1 minute\" \/>\n<script type=\"application\/ld+json\" class=\"yoast-schema-graph\">{\"@context\":\"https:\/\/schema.org\",\"@graph\":[{\"@type\":\"WebSite\",\"@id\":\"https:\/\/reisatextil.com\/#website\",\"url\":\"https:\/\/reisatextil.com\/\",\"name\":\"Reisa Textil\",\"description\":\"Colchas Multiusos para el hogar y textiles en general\",\"potentialAction\":[{\"@type\":\"SearchAction\",\"target\":{\"@type\":\"EntryPoint\",\"urlTemplate\":\"https:\/\/reisatextil.com\/?s={search_term_string}\"},\"query-input\":\"required name=search_term_string\"}],\"inLanguage\":\"en-US\"},{\"@type\":\"WebPage\",\"@id\":\"https:\/\/reisatextil.com\/fr\/fabricantes-de-colchas-multiusos-francais\/#webpage\",\"url\":\"https:\/\/reisatextil.com\/fr\/fabricantes-de-colchas-multiusos-francais\/\",\"name\":\"Fabricants de courtepointes polyvalents - Reisa Textil\",\"isPartOf\":{\"@id\":\"https:\/\/reisatextil.com\/#website\"},\"datePublished\":\"2022-01-14T09:44:57+00:00\",\"dateModified\":\"2022-04-20T09:31:21+00:00\",\"breadcrumb\":{\"@id\":\"https:\/\/reisatextil.com\/fr\/fabricantes-de-colchas-multiusos-francais\/#breadcrumb\"},\"inLanguage\":\"en-US\",\"potentialAction\":[{\"@type\":\"ReadAction\",\"target\":[\"https:\/\/reisatextil.com\/fr\/fabricantes-de-colchas-multiusos-francais\/\"]}]},{\"@type\":\"BreadcrumbList\",\"@id\":\"https:\/\/reisatextil.com\/fr\/fabricantes-de-colchas-multiusos-francais\/#breadcrumb\",\"itemListElement\":[{\"@type\":\"ListItem\",\"position\":1,\"name\":\"Portada\",\"item\":\"https:\/\/reisatextil.com\/\"},{\"@type\":\"ListItem\",\"position\":2,\"name\":\"Fabricants de courtepointes polyvalents\"}]}]}<\/script>\n<!-- \/ Yoast SEO plugin. -->","yoast_head_json":{"title":"Fabricants de courtepointes polyvalents - Reisa Textil","robots":{"index":"index","follow":"follow","max-snippet":"max-snippet:-1","max-image-preview":"max-image-preview:large","max-video-preview":"max-video-preview:-1"},"canonical":"https:\/\/reisatextil.com\/en\/fr\/fabricantes-de-colchas-multiusos-francais\/","og_locale":"en_US","og_type":"article","og_title":"Fabricants de courtepointes polyvalents - Reisa Textil","og_description":"Nous sommes sp\u00e9cialis\u00e9s dans la fabrication de couvre-lits polyvalents pour la maison, la campagne, la plage, la voiture, les canap\u00e9s, les fauteuils, etc., ainsi que dans la fabrication de toiles, de supports de rembourrage et de tissus en g\u00e9n\u00e9ral.","og_url":"https:\/\/reisatextil.com\/en\/fr\/fabricantes-de-colchas-multiusos-francais\/","og_site_name":"Reisa Textil","article_modified_time":"2022-04-20T09:31:21+00:00","twitter_card":"summary_large_image","twitter_misc":{"Est. reading time":"1 minute"},"schema":{"@context":"https:\/\/schema.org","@graph":[{"@type":"WebSite","@id":"https:\/\/reisatextil.com\/#website","url":"https:\/\/reisatextil.com\/","name":"Reisa Textil","description":"Colchas Multiusos para el hogar y textiles en general","potentialAction":[{"@type":"SearchAction","target":{"@type":"EntryPoint","urlTemplate":"https:\/\/reisatextil.com\/?s={search_term_string}"},"query-input":"required name=search_term_string"}],"inLanguage":"en-US"},{"@type":"WebPage","@id":"https:\/\/reisatextil.com\/fr\/fabricantes-de-colchas-multiusos-francais\/#webpage","url":"https:\/\/reisatextil.com\/fr\/fabricantes-de-colchas-multiusos-francais\/","name":"Fabricants de courtepointes polyvalents - Reisa Textil","isPartOf":{"@id":"https:\/\/reisatextil.com\/#website"},"datePublished":"2022-01-14T09:44:57+00:00","dateModified":"2022-04-20T09:31:21+00:00","breadcrumb":{"@id":"https:\/\/reisatextil.com\/fr\/fabricantes-de-colchas-multiusos-francais\/#breadcrumb"},"inLanguage":"en-US","potentialAction":[{"@type":"ReadAction","target":["https:\/\/reisatextil.com\/fr\/fabricantes-de-colchas-multiusos-francais\/"]}]},{"@type":"BreadcrumbList","@id":"https:\/\/reisatextil.com\/fr\/fabricantes-de-colchas-multiusos-francais\/#breadcrumb","itemListElement":[{"@type":"ListItem","position":1,"name":"Portada","item":"https:\/\/reisatextil.com\/"},{"@type":"ListItem","position":2,"name":"Fabricants de courtepointes polyvalents"}]}]}},"_links":{"self":[{"href":"https:\/\/reisatextil.com\/en\/wp-json\/wp\/v2\/pages\/575","targetHints":{"allow":["GET"]}}],"collection":[{"href":"https:\/\/reisatextil.com\/en\/wp-json\/wp\/v2\/pages"}],"about":[{"href":"https:\/\/reisatextil.com\/en\/wp-json\/wp\/v2\/types\/page"}],"author":[{"embeddable":true,"href":"https:\/\/reisatextil.com\/en\/wp-json\/wp\/v2\/users\/1"}],"replies":[{"embeddable":true,"href":"https:\/\/reisatextil.com\/en\/wp-json\/wp\/v2\/comments?post=575"}],"version-history":[{"count":1,"href":"https:\/\/reisatextil.com\/en\/wp-json\/wp\/v2\/pages\/575\/revisions"}],"predecessor-version":[{"id":647,"href":"https:\/\/reisatextil.com\/en\/wp-json\/wp\/v2\/pages\/575\/revisions\/647"}],"wp:attachment":[{"href":"https:\/\/reisatextil.com\/en\/wp-json\/wp\/v2\/media?parent=575"}],"curies":[{"name":"wp","href":"https:\/\/api.w.org\/{rel}","templated":true}]}}