{"id":302,"date":"2020-02-26T17:09:51","date_gmt":"2020-02-26T17:09:51","guid":{"rendered":"https:\/\/reisatextil.com\/?page_id=302"},"modified":"2022-03-30T15:18:50","modified_gmt":"2022-03-30T15:18:50","slug":"tejidos","status":"publish","type":"page","link":"https:\/\/reisatextil.com\/en\/tejidos\/","title":{"rendered":"Tejidos"},"content":{"rendered":"<h2 class=\"wp-block-heading\">Te contamos todo lo que fabricamos<\/h2>\n\n\n\n<p>Estamos dotados de una serie de m\u00e1quinas especializadas exclusivamente para la fabricaci\u00f3n de tejidos de la m\u00e1s alta calidad y durabilidad, en este apartado te mostramos los diferentes tipos de tejidos de los cuales disponemos. <\/p>\n\n\n\n<p><\/p>\n\n\n\n<h2 class=\"wp-block-heading\">Lonas 100% algod\u00f3n para calzado y marroquiner\u00eda<\/h2>\n\n\n\n<figure class=\"wp-block-image size-large\"><img loading=\"lazy\" decoding=\"async\" width=\"990\" height=\"376\" src=\"https:\/\/reisatextil.com\/wp-content\/uploads\/2020\/02\/Lona.jpg\" alt=\"\" class=\"wp-image-304\" srcset=\"https:\/\/reisatextil.com\/wp-content\/uploads\/2020\/02\/Lona.jpg 990w, https:\/\/reisatextil.com\/wp-content\/uploads\/2020\/02\/Lona-300x114.jpg 300w, https:\/\/reisatextil.com\/wp-content\/uploads\/2020\/02\/Lona-768x292.jpg 768w, https:\/\/reisatextil.com\/wp-content\/uploads\/2020\/02\/Lona-600x228.jpg 600w\" sizes=\"auto, (max-width: 990px) 100vw, 990px\" \/><\/figure>\n\n\n\n<h2 class=\"wp-block-heading\">Tejidos para publicidad, forros y soportes para tapicer\u00eda y calzado<\/h2>\n\n\n\n<figure class=\"wp-block-image size-large\"><img loading=\"lazy\" decoding=\"async\" width=\"990\" height=\"376\" src=\"https:\/\/reisatextil.com\/wp-content\/uploads\/2020\/02\/Soporte-tapiceria.jpg\" alt=\"\" class=\"wp-image-305\" srcset=\"https:\/\/reisatextil.com\/wp-content\/uploads\/2020\/02\/Soporte-tapiceria.jpg 990w, https:\/\/reisatextil.com\/wp-content\/uploads\/2020\/02\/Soporte-tapiceria-300x114.jpg 300w, https:\/\/reisatextil.com\/wp-content\/uploads\/2020\/02\/Soporte-tapiceria-768x292.jpg 768w, https:\/\/reisatextil.com\/wp-content\/uploads\/2020\/02\/Soporte-tapiceria-600x228.jpg 600w\" sizes=\"auto, (max-width: 990px) 100vw, 990px\" \/><\/figure>\n\n\n\n<h2 class=\"wp-block-heading\">Automoci\u00f3n<\/h2>\n\n\n\n<figure class=\"wp-block-image size-large\"><img loading=\"lazy\" decoding=\"async\" width=\"990\" height=\"376\" src=\"https:\/\/reisatextil.com\/wp-content\/uploads\/2020\/02\/automocion.jpg\" alt=\"\" class=\"wp-image-303\" srcset=\"https:\/\/reisatextil.com\/wp-content\/uploads\/2020\/02\/automocion.jpg 990w, https:\/\/reisatextil.com\/wp-content\/uploads\/2020\/02\/automocion-300x114.jpg 300w, https:\/\/reisatextil.com\/wp-content\/uploads\/2020\/02\/automocion-768x292.jpg 768w, https:\/\/reisatextil.com\/wp-content\/uploads\/2020\/02\/automocion-600x228.jpg 600w\" sizes=\"auto, (max-width: 990px) 100vw, 990px\" \/><\/figure>","protected":false},"excerpt":{"rendered":"<p>Te contamos todo lo que fabricamos Estamos dotados de una serie de m\u00e1quinas especializadas exclusivamente para la fabricaci\u00f3n de tejidos de la m\u00e1s alta calidad y durabilidad, en este apartado te mostramos los diferentes tipos de tejidos de los cuales disponemos. Lonas 100% algod\u00f3n para calzado y marroquiner\u00eda Tejidos para [&hellip;]<\/p>","protected":false},"author":1,"featured_media":0,"parent":0,"menu_order":0,"comment_status":"closed","ping_status":"closed","template":"","meta":{"footnotes":""},"class_list":["post-302","page","type-page","status-publish","hentry"],"yoast_head":"<!-- This site is optimized with the Yoast SEO plugin v18.4.1 - https:\/\/yoast.com\/wordpress\/plugins\/seo\/ -->\n<title>Tejidos - Reisa Textil<\/title>\n<meta name=\"robots\" content=\"index, follow, max-snippet:-1, max-image-preview:large, max-video-preview:-1\" \/>\n<link rel=\"canonical\" href=\"https:\/\/reisatextil.com\/en\/tejidos\/\" \/>\n<meta property=\"og:locale\" content=\"en_US\" \/>\n<meta property=\"og:type\" content=\"article\" \/>\n<meta property=\"og:title\" content=\"Tejidos - Reisa Textil\" \/>\n<meta property=\"og:description\" content=\"Te contamos todo lo que fabricamos Estamos dotados de una serie de m\u00e1quinas especializadas exclusivamente para la fabricaci\u00f3n de tejidos de la m\u00e1s alta calidad y durabilidad, en este apartado te mostramos los diferentes tipos de tejidos de los cuales disponemos. Lonas 100% algod\u00f3n para calzado y marroquiner\u00eda Tejidos para [&hellip;]\" \/>\n<meta property=\"og:url\" content=\"https:\/\/reisatextil.com\/en\/tejidos\/\" \/>\n<meta property=\"og:site_name\" content=\"Reisa Textil\" \/>\n<meta property=\"article:modified_time\" content=\"2022-03-30T15:18:50+00:00\" \/>\n<meta property=\"og:image\" content=\"https:\/\/reisatextil.com\/wp-content\/uploads\/2020\/02\/Lona.jpg\" \/>\n<meta name=\"twitter:card\" content=\"summary_large_image\" \/>\n<meta name=\"twitter:label1\" content=\"Est. reading time\" \/>\n\t<meta name=\"twitter:data1\" content=\"1 minute\" \/>\n<script type=\"application\/ld+json\" class=\"yoast-schema-graph\">{\"@context\":\"https:\/\/schema.org\",\"@graph\":[{\"@type\":\"WebSite\",\"@id\":\"https:\/\/reisatextil.com\/#website\",\"url\":\"https:\/\/reisatextil.com\/\",\"name\":\"Reisa Textil\",\"description\":\"Colchas Multiusos para el hogar y textiles en general\",\"potentialAction\":[{\"@type\":\"SearchAction\",\"target\":{\"@type\":\"EntryPoint\",\"urlTemplate\":\"https:\/\/reisatextil.com\/?s={search_term_string}\"},\"query-input\":\"required name=search_term_string\"}],\"inLanguage\":\"en-US\"},{\"@type\":\"ImageObject\",\"@id\":\"https:\/\/reisatextil.com\/tejidos\/#primaryimage\",\"inLanguage\":\"en-US\",\"url\":\"https:\/\/reisatextil.com\/wp-content\/uploads\/2020\/02\/Lona.jpg\",\"contentUrl\":\"https:\/\/reisatextil.com\/wp-content\/uploads\/2020\/02\/Lona.jpg\",\"width\":990,\"height\":376},{\"@type\":\"WebPage\",\"@id\":\"https:\/\/reisatextil.com\/tejidos\/#webpage\",\"url\":\"https:\/\/reisatextil.com\/tejidos\/\",\"name\":\"Tejidos - Reisa Textil\",\"isPartOf\":{\"@id\":\"https:\/\/reisatextil.com\/#website\"},\"primaryImageOfPage\":{\"@id\":\"https:\/\/reisatextil.com\/tejidos\/#primaryimage\"},\"datePublished\":\"2020-02-26T17:09:51+00:00\",\"dateModified\":\"2022-03-30T15:18:50+00:00\",\"breadcrumb\":{\"@id\":\"https:\/\/reisatextil.com\/tejidos\/#breadcrumb\"},\"inLanguage\":\"en-US\",\"potentialAction\":[{\"@type\":\"ReadAction\",\"target\":[\"https:\/\/reisatextil.com\/tejidos\/\"]}]},{\"@type\":\"BreadcrumbList\",\"@id\":\"https:\/\/reisatextil.com\/tejidos\/#breadcrumb\",\"itemListElement\":[{\"@type\":\"ListItem\",\"position\":1,\"name\":\"Portada\",\"item\":\"https:\/\/reisatextil.com\/\"},{\"@type\":\"ListItem\",\"position\":2,\"name\":\"Tejidos\"}]}]}<\/script>\n<!-- \/ Yoast SEO plugin. -->","yoast_head_json":{"title":"Tejidos - Reisa Textil","robots":{"index":"index","follow":"follow","max-snippet":"max-snippet:-1","max-image-preview":"max-image-preview:large","max-video-preview":"max-video-preview:-1"},"canonical":"https:\/\/reisatextil.com\/en\/tejidos\/","og_locale":"en_US","og_type":"article","og_title":"Tejidos - Reisa Textil","og_description":"Te contamos todo lo que fabricamos Estamos dotados de una serie de m\u00e1quinas especializadas exclusivamente para la fabricaci\u00f3n de tejidos de la m\u00e1s alta calidad y durabilidad, en este apartado te mostramos los diferentes tipos de tejidos de los cuales disponemos. Lonas 100% algod\u00f3n para calzado y marroquiner\u00eda Tejidos para [&hellip;]","og_url":"https:\/\/reisatextil.com\/en\/tejidos\/","og_site_name":"Reisa Textil","article_modified_time":"2022-03-30T15:18:50+00:00","og_image":[{"url":"https:\/\/reisatextil.com\/wp-content\/uploads\/2020\/02\/Lona.jpg"}],"twitter_card":"summary_large_image","twitter_misc":{"Est. reading time":"1 minute"},"schema":{"@context":"https:\/\/schema.org","@graph":[{"@type":"WebSite","@id":"https:\/\/reisatextil.com\/#website","url":"https:\/\/reisatextil.com\/","name":"Reisa Textil","description":"Colchas Multiusos para el hogar y textiles en general","potentialAction":[{"@type":"SearchAction","target":{"@type":"EntryPoint","urlTemplate":"https:\/\/reisatextil.com\/?s={search_term_string}"},"query-input":"required name=search_term_string"}],"inLanguage":"en-US"},{"@type":"ImageObject","@id":"https:\/\/reisatextil.com\/tejidos\/#primaryimage","inLanguage":"en-US","url":"https:\/\/reisatextil.com\/wp-content\/uploads\/2020\/02\/Lona.jpg","contentUrl":"https:\/\/reisatextil.com\/wp-content\/uploads\/2020\/02\/Lona.jpg","width":990,"height":376},{"@type":"WebPage","@id":"https:\/\/reisatextil.com\/tejidos\/#webpage","url":"https:\/\/reisatextil.com\/tejidos\/","name":"Tejidos - Reisa Textil","isPartOf":{"@id":"https:\/\/reisatextil.com\/#website"},"primaryImageOfPage":{"@id":"https:\/\/reisatextil.com\/tejidos\/#primaryimage"},"datePublished":"2020-02-26T17:09:51+00:00","dateModified":"2022-03-30T15:18:50+00:00","breadcrumb":{"@id":"https:\/\/reisatextil.com\/tejidos\/#breadcrumb"},"inLanguage":"en-US","potentialAction":[{"@type":"ReadAction","target":["https:\/\/reisatextil.com\/tejidos\/"]}]},{"@type":"BreadcrumbList","@id":"https:\/\/reisatextil.com\/tejidos\/#breadcrumb","itemListElement":[{"@type":"ListItem","position":1,"name":"Portada","item":"https:\/\/reisatextil.com\/"},{"@type":"ListItem","position":2,"name":"Tejidos"}]}]}},"_links":{"self":[{"href":"https:\/\/reisatextil.com\/en\/wp-json\/wp\/v2\/pages\/302","targetHints":{"allow":["GET"]}}],"collection":[{"href":"https:\/\/reisatextil.com\/en\/wp-json\/wp\/v2\/pages"}],"about":[{"href":"https:\/\/reisatextil.com\/en\/wp-json\/wp\/v2\/types\/page"}],"author":[{"embeddable":true,"href":"https:\/\/reisatextil.com\/en\/wp-json\/wp\/v2\/users\/1"}],"replies":[{"embeddable":true,"href":"https:\/\/reisatextil.com\/en\/wp-json\/wp\/v2\/comments?post=302"}],"version-history":[{"count":8,"href":"https:\/\/reisatextil.com\/en\/wp-json\/wp\/v2\/pages\/302\/revisions"}],"predecessor-version":[{"id":367,"href":"https:\/\/reisatextil.com\/en\/wp-json\/wp\/v2\/pages\/302\/revisions\/367"}],"wp:attachment":[{"href":"https:\/\/reisatextil.com\/en\/wp-json\/wp\/v2\/media?parent=302"}],"curies":[{"name":"wp","href":"https:\/\/api.w.org\/{rel}","templated":true}]}}